{"id":27257,"date":"2026-01-29T09:33:12","date_gmt":"2026-01-29T09:33:12","guid":{"rendered":"https:\/\/arabicstyle.sk\/?post_type=product&#038;p=27257"},"modified":"2026-05-04T18:54:33","modified_gmt":"2026-05-04T18:54:33","slug":"eva-skin-care-summer-twist-sprchovy-krem","status":"publish","type":"product","link":"https:\/\/arabicstyle.cz\/?product=eva-skin-care-summer-twist-sprchovy-krem","title":{"rendered":"Eva Skin Care Summer Twist sprchov\u00fd kr\u00e9m"},"content":{"rendered":"<p data-start=\"179\" data-end=\"249\"><strong data-start=\"179\" data-end=\"249\">Osv\u011b\u017euj\u00edc\u00ed sprchov\u00fd kr\u00e9m s v\u016fn\u00ed l\u00e9ta pro jemnou a z\u00e1\u0159ivou poko\u017eku<\/strong><\/p>\n<p data-start=\"251\" data-end=\"494\">Za\u017eijte dokonal\u00fd letn\u00ed pocit p\u0159i ka\u017ed\u00e9m sprchov\u00e1n\u00ed s kr\u00e9mov\u00fdm sprchov\u00fdm gelem <strong data-start=\"328\" data-end=\"358\">Eva Skin Care Summer Twist<\/strong>. Bohat\u00e1, sametov\u00e1 p\u011bna jemn\u011b \u010dist\u00ed poko\u017eku, zat\u00edmco ji v\u00fd\u017eivn\u00e9 slo\u017eky intenzivn\u011b hydratuj\u00ed a zanech\u00e1vaj\u00ed hebkou, sv\u011b\u017e\u00ed a provon\u011bnou.<\/p>\n<p data-start=\"496\" data-end=\"708\">D\u00edky obsahu <strong data-start=\"509\" data-end=\"532\">ml\u00e9\u010dn\u00fdch protein\u016f<\/strong> a <strong data-start=\"535\" data-end=\"548\">glycerinu<\/strong> kr\u00e9m vy\u017eivuje a zjem\u0148uje kr\u00e9m data-start=&#8221;608&#8243; data-end=&#8221;660&#8243;&gt;\u010derven\u00fdch plod\u016f, ananasu, r\u016f\u017ee, ambry a vanilky probouz\u00ed smysly a dod\u00e1v\u00e1 energii po cel\u00fd den.<\/p>\n<h4 data-start=\"710\" data-end=\"729\"><strong data-start=\"718\" data-end=\"729\">\u00da\u010dinky:<\/strong><\/h4>\n<ul data-start=\"730\" data-end=\"870\">\n<li data-start=\"730\" data-end=\"773\">\n<p data-start=\"732\" data-end=\"773\">Jemn\u011b \u010dist\u00ed a hloubkov\u011b hydratuje poko\u017eku<\/p>\n<\/li>\n<li data-start=\"774\" data-end=\"815\">\n<p data-start=\"776\" data-end=\"815\">Zanech\u00e1v\u00e1 ple\u0165 hebkou, hladkou a sv\u011b\u017e\u00ed<\/p>\n<\/li>\n<li data-start=\"816\" data-end=\"870\">\n<p data-start=\"818\" data-end=\"870\">Smysln\u00e1 letn\u00ed v\u016fn\u011b pro dlouhotrvaj\u00edc\u00ed pocit \u010distoty<\/p>\n<\/li>\n<\/ul>\n<h4 data-start=\"872\" data-end=\"895\"><strong data-start=\"880\" data-end=\"893\">Pou\u017eit\u00ed:<\/strong><\/h4>\n<p data-start=\"896\" data-end=\"990\">Naneste mal\u00e9 mno\u017estv\u00ed na vlhkou poko\u017eku, nap\u011b\u0148te a opl\u00e1chn\u011bte. Vhodn\u00e9 pro ka\u017edodenn\u00ed pou\u017eit\u00ed.<\/p>\n<h4 data-start=\"992\" data-end=\"1023\"><strong data-start=\"1000\" data-end=\"1021\">Slo\u017een\u00ed:<\/strong><\/h4>\n<p data-start=\"1024\" data-end=\"1147\">Voda, laurylsulf\u00e1t sodn\u00fd, laurethsulf\u00e1t sodn\u00fd, glycerin, parf\u00e9m (v\u016fn\u011b), kokamidopropylbetain, propylenglykol, hydrolyzovan\u00fd kolagen, akryl\u00e1tov\u00fd kopolymer, DMDM methylchlorizothiazolinon, methylisotiazolinon, disodn\u00fd EDTA, kyselina citr\u00f3nov\u00e1, chlorid sodn\u00fd, karamel, benzo\u00e1t sodn\u00fd.<\/p>\n<h4 data-start=\"1149\" data-end=\"1187\">\u2600\ufe0f <strong data-start=\"1157\" data-end=\"1185\">Pro v\u0161echny typy poko\u017eky.<\/strong><\/h4>\n<p data-start=\"1188\" data-end=\"1215\">Dermatologicky testov\u00e1no.<\/p>\n","protected":false},"excerpt":{"rendered":"<p>sprchov\u00fd kr\u00e9m<\/p>\n","protected":false},"featured_media":27260,"comment_status":"closed","ping_status":"closed","template":"","meta":[],"product_brand":[361],"product_cat":[81],"product_tag":[165],"class_list":{"0":"post-27257","1":"product","2":"type-product","3":"status-publish","4":"has-post-thumbnail","6":"product_brand-eva","7":"product_cat-oblicej-a-telo","8":"product_tag-eva-cosmetics","10":"first","11":"instock","12":"purchasable","13":"product-type-simple"},"_links":{"self":[{"href":"https:\/\/arabicstyle.cz\/index.php?rest_route=\/wp\/v2\/product\/27257","targetHints":{"allow":["GET"]}}],"collection":[{"href":"https:\/\/arabicstyle.cz\/index.php?rest_route=\/wp\/v2\/product"}],"about":[{"href":"https:\/\/arabicstyle.cz\/index.php?rest_route=\/wp\/v2\/types\/product"}],"replies":[{"embeddable":true,"href":"https:\/\/arabicstyle.cz\/index.php?rest_route=%2Fwp%2Fv2%2Fcomments&post=27257"}],"version-history":[{"count":1,"href":"https:\/\/arabicstyle.cz\/index.php?rest_route=\/wp\/v2\/product\/27257\/revisions"}],"predecessor-version":[{"id":30908,"href":"https:\/\/arabicstyle.cz\/index.php?rest_route=\/wp\/v2\/product\/27257\/revisions\/30908"}],"wp:featuredmedia":[{"embeddable":true,"href":"https:\/\/arabicstyle.cz\/index.php?rest_route=\/wp\/v2\/media\/27260"}],"wp:attachment":[{"href":"https:\/\/arabicstyle.cz\/index.php?rest_route=%2Fwp%2Fv2%2Fmedia&parent=27257"}],"wp:term":[{"taxonomy":"product_brand","embeddable":true,"href":"https:\/\/arabicstyle.cz\/index.php?rest_route=%2Fwp%2Fv2%2Fproduct_brand&post=27257"},{"taxonomy":"product_cat","embeddable":true,"href":"https:\/\/arabicstyle.cz\/index.php?rest_route=%2Fwp%2Fv2%2Fproduct_cat&post=27257"},{"taxonomy":"product_tag","embeddable":true,"href":"https:\/\/arabicstyle.cz\/index.php?rest_route=%2Fwp%2Fv2%2Fproduct_tag&post=27257"}],"curies":[{"name":"wp","href":"https:\/\/api.w.org\/{rel}","templated":true}]}}