{"id":27248,"date":"2026-01-29T09:33:06","date_gmt":"2026-01-29T09:33:06","guid":{"rendered":"https:\/\/arabicstyle.sk\/?post_type=product&#038;p=27248"},"modified":"2026-04-26T11:39:23","modified_gmt":"2026-04-26T11:39:23","slug":"eva-skin-care-summer-twist-body-lotion","status":"publish","type":"product","link":"https:\/\/arabicstyle.cz\/?product=eva-skin-care-summer-twist-body-lotion","title":{"rendered":"Eva Skin Care Summer Twist Body Lotion"},"content":{"rendered":"<p data-start=\"182\" data-end=\"252\"><strong data-start=\"182\" data-end=\"252\">Hydrata\u010dn\u00ed t\u011blov\u00e9 ml\u00e9ko s letn\u00ed v\u016fn\u00ed pro hebkou, z\u00e1\u0159ivou poko\u017eku<\/strong><\/p>\n<p data-start=\"254\" data-end=\"473\">Dop\u0159ejte sv\u00e9 poko\u017ece sv\u011b\u017e\u00ed letn\u00ed dotek s t\u011blov\u00fdm ml\u00e9kem <strong data-start=\"315\" data-end=\"345\">Eva Skin Care Summer Twist<\/strong>. Jeho lehk\u00e1, rychle vst\u0159eb\u00e1vaj\u00edc\u00ed se textura zanech\u00e1v\u00e1 ple\u0165 dokonale hydratovanou, jemnou a hladkou na dotek bez mastn\u00e9ho filmu.<\/p>\n<p data-start=\"475\" data-end=\"714\">Obsahuje <strong data-start=\"484\" data-end=\"496\">glycerin<\/strong> a <strong data-start=\"499\" data-end=\"511\">vazel\u00ednu<\/strong>, kter\u00e9 pom\u00e1haj\u00ed udr\u017eovat p\u0159irozenou vlhkost. Opojn\u00e1 v\u016fn\u011b \u010derven\u00fdch plod\u016f, ananasu, r\u016f\u017ee, ambry a vanilky probud\u00ed va\u0161e smysly a dod\u00e1 pocit sv\u011b\u017eesti po cel\u00fd den.<\/p>\n<h4 data-start=\"716\" data-end=\"735\"><strong data-start=\"724\" data-end=\"735\">\u00da\u010dinky:<\/strong><\/h4>\n<ul data-start=\"736\" data-end=\"858\">\n<li data-start=\"736\" data-end=\"776\">\n<p data-start=\"738\" data-end=\"776\">Dlouhodob\u00e1 hydratace a v\u00fd\u017eiva poko\u017eky<\/p>\n<\/li>\n<li data-start=\"777\" data-end=\"815\">\n<p data-start=\"779\" data-end=\"815\">Hebkost, pru\u017enost a z\u00e1\u0159iv\u00fd vzhled<\/p>\n<\/li>\n<li data-start=\"816\" data-end=\"858\">\n<p data-start=\"818\" data-end=\"858\">Letn\u00ed v\u016fn\u011b, kter\u00e1 p\u0159etrv\u00e1v\u00e1 na poko\u017ece<\/p>\n<\/li>\n<\/ul>\n<h4 data-start=\"860\" data-end=\"883\"><strong data-start=\"868\" data-end=\"881\">Pou\u017eit\u00ed:<\/strong><\/h4>\n<p data-start=\"884\" data-end=\"975\">Naneste po sprchov\u00e1n\u00ed na \u010distou poko\u017eku a jemn\u011b vmas\u00edrujte. Vhodn\u00e9 pro ka\u017edodenn\u00ed pou\u017eit\u00ed.<\/p>\n<h4 data-start=\"977\" data-end=\"1022\"><strong data-start=\"985\" data-end=\"1020\">Vhodn\u00e9 pro v\u0161echny typy poko\u017eky.<\/strong><\/h4>\n<p data-start=\"1023\" data-end=\"1050\">Dermatologicky testov\u00e1no.<\/p>\n<div class=\"html-div xdj266r x14z9mp xat24cr x1lziwak xexx8yu xyri2b x18d9i69 x1c1uobl x78zum5 x15zctf7\">\n<div class=\"html-div xdj266r x14z9mp xat24cr x1lziwak xexx8yu xyri2b x18d9i69 x1c1uobl xeuugli x1vjfegm\">\n<div>\n<div class=\"html-div xdj266r x14z9mp xat24cr x1lziwak xexx8yu xyri2b x18d9i69 x1c1uobl x78zum5 xh8yej3\" role=\"presentation\">\n<div class=\"x78zum5 xdt5ytf x193iq5w x1n2onr6 x1kxipp6 xuk3077\">\n<div class=\"x78zum5 xh8yej3\" role=\"none\">\n<div class=\"html-div xdj266r x14z9mp xat24cr x1lziwak xexx8yu xyri2b x18d9i69 x1c1uobl x6ikm8r x10wlt62\">\n<div class=\"html-div xdj266r x14z9mp xat24cr x1lziwak x14ctfv x13sv91t x6ikm8r x10wlt62 xerhiuh x1pn3fxy x10zy8in xm9bcq3 x1n2onr6 x1 x13faqbe x11jlvup xpmdkuv xrmkrer x12z03op x9wyiwl x13fuv20 x18b5jzi x1q0q8m5 x1t7ytsu x12lizq0 x1nrdd72 x1ybe9c6 xx487ze xaymx6 xofb2d2\" role=\"presentation\">\n<div class=\"html-div xxx8yu xyri2b x18d9i69 x1c1uobl x1gslohp x14z9mp x12nagc x1lziwak x1yc453h x126k92a xyk4ms5\" dir=\"auto\"><strong>Slo\u017een\u00ed:&lt;\/ tekut\u00fd paraf\u00edn, kaprylov\u00e9\/kap\u0159\u00ednov\u00e9 triglyceridy, dimetikon, vazel\u00edna, cyklopentasiloxan, v\u016fn\u011b, olej ze semen jojoby (Simmondsia Chinensis), bambuck\u00e9 m\u00e1slo (Butyrospermum Parkii), pantenol (provitamin B5), laurylylf fenoxyetanol, diazolidinylmo\u010dovina, glycin, dinatrium EDTA, citran sodn\u00fd, acet\u00e1t tokoferylu (vitamin E), methylparaben, kopolymer akryl\u00e1t\u016f\/C10\u201330 alkylakryl\u00e1t\u016f, linalool, fosfore\u010dnan disodn\u00fd, fosfore\u010dnan&gt; <\/strong><\/div>\n<\/div>\n<\/div>\n<\/div>\n<\/div>\n<div class=\"html-div xdj266r x14z9mp xat24cr x1lziwak xexx8yu xyri2b x18d9i69 x1c1uobl x1h91t0o xkh2ocl x78zum5 xdt5ytf x13a6bvz x19 x1eb86dx\" role=\"presentation\">\n<div class=\"html-div xdj266r x14z9mp xat24cr x1lziwak xexx8yu xyri2b x18d9i69 x1c1uobl\"><\/div>\n<\/div>\n<\/div>\n<\/div>\n<\/div>\n<\/div>\n","protected":false},"excerpt":{"rendered":"<p>Hydrata\u010dn\u00ed t\u011blov\u00e9 ml\u00e9ko s letn\u00ed v\u016fn\u00ed pro hebkou, z\u00e1\u0159ivou poko\u017eku Dop\u0159ejte sv\u00e9 poko\u017ece sv\u011b\u017e\u00ed letn\u00ed dotek s t\u011blov\u00fdm ml\u00e9kem Eva<\/p>\n","protected":false},"featured_media":27251,"comment_status":"closed","ping_status":"closed","template":"","meta":[],"product_brand":[361],"product_cat":[81],"product_tag":[165],"class_list":{"0":"post-27248","1":"product","2":"type-product","3":"status-publish","4":"has-post-thumbnail","6":"product_brand-eva","7":"product_cat-oblicej-a-telo","8":"product_tag-eva-cosmetics","10":"first","11":"instock","12":"purchasable","13":"product-type-simple"},"_links":{"self":[{"href":"https:\/\/arabicstyle.cz\/index.php?rest_route=\/wp\/v2\/product\/27248","targetHints":{"allow":["GET"]}}],"collection":[{"href":"https:\/\/arabicstyle.cz\/index.php?rest_route=\/wp\/v2\/product"}],"about":[{"href":"https:\/\/arabicstyle.cz\/index.php?rest_route=\/wp\/v2\/types\/product"}],"replies":[{"embeddable":true,"href":"https:\/\/arabicstyle.cz\/index.php?rest_route=%2Fwp%2Fv2%2Fcomments&post=27248"}],"version-history":[{"count":1,"href":"https:\/\/arabicstyle.cz\/index.php?rest_route=\/wp\/v2\/product\/27248\/revisions"}],"predecessor-version":[{"id":30911,"href":"https:\/\/arabicstyle.cz\/index.php?rest_route=\/wp\/v2\/product\/27248\/revisions\/30911"}],"wp:featuredmedia":[{"embeddable":true,"href":"https:\/\/arabicstyle.cz\/index.php?rest_route=\/wp\/v2\/media\/27251"}],"wp:attachment":[{"href":"https:\/\/arabicstyle.cz\/index.php?rest_route=%2Fwp%2Fv2%2Fmedia&parent=27248"}],"wp:term":[{"taxonomy":"product_brand","embeddable":true,"href":"https:\/\/arabicstyle.cz\/index.php?rest_route=%2Fwp%2Fv2%2Fproduct_brand&post=27248"},{"taxonomy":"product_cat","embeddable":true,"href":"https:\/\/arabicstyle.cz\/index.php?rest_route=%2Fwp%2Fv2%2Fproduct_cat&post=27248"},{"taxonomy":"product_tag","embeddable":true,"href":"https:\/\/arabicstyle.cz\/index.php?rest_route=%2Fwp%2Fv2%2Fproduct_tag&post=27248"}],"curies":[{"name":"wp","href":"https:\/\/api.w.org\/{rel}","templated":true}]}}