{"id":27238,"date":"2026-01-29T09:33:06","date_gmt":"2026-01-29T09:33:06","guid":{"rendered":"https:\/\/arabicstyle.sk\/?post_type=product&#038;p=27238"},"modified":"2026-04-27T09:04:42","modified_gmt":"2026-04-27T09:04:42","slug":"eva-summer-twist-set-240ml240ml250ml","status":"publish","type":"product","link":"https:\/\/arabicstyle.cz\/?product=eva-summer-twist-set-240ml240ml250ml","title":{"rendered":"Eva Summer twist set 240ml+240ml+250ml"},"content":{"rendered":"<h3 data-start=\"216\" data-end=\"262\">1. <span class=\"entity-underline hover:entity-accent inline kurzor-pointer align-baseline\"><span class=\"whitespace-normal\">EvaSkinCareSummerTwistShowerCream<\/span><\/span><\/h3>\n<p data-start=\"263\" data-end=\"701\">Za\u010dni sv\u016fj den s osv\u011b\u017euj\u00edc\u00edm momentem s t\u00edmto kr\u00e9mov\u00fdm sprchov\u00fdm gelem, kter\u00fd m\u011bn\u00ed ka\u017edou sprchu na mal\u00fd ritu\u00e1l. D\u00edky bohat\u00e9 p\u011bn\u011b s b\u00edlkovinami z ml\u00e9ka zanech\u00e1v\u00e1 poko\u017eku jemnou, \u010distou a neuv\u011b\u0159iteln\u011b hladkou. V\u00fdrazn\u00e1 v\u016fn\u011b \u010derven\u00fdch plod\u016f, ananasu, r\u016f\u017ee, ambry a vanilky evokuje letn\u00ed sladkost se \u0161mrncem rafinovanosti.<br data\n\n\n\n\n\n\n\n<br \/> energie.<\/p>\n<h3 data-start=\"708\" data-end=\"754\">2. <span class=\"entity-underline hover:entity-accent inline kurzor-pointer align-baseline\"><span class=\"whitespace-normal\">EvaSkinCareSummerTwistBodyLotion<\/span><\/span><\/h3>\n<p data-start=\"755\" data-end=\"1135\">Lehk\u00fd t\u011blov\u00fd kr\u00e9m s v\u016fn\u00ed \u201eSummer Twist\u201c, kter\u00fd poskytuje intenzivn\u00ed hydrataci a hebkost. Obsahuje glycerin, kter\u00fd pom\u00e1h\u00e1 pleti udr\u017eet vlhkost, a vazel\u00ednu, kter\u00e1 chr\u00e1n\u00ed poko\u017eku p\u0159ed vysu\u0161ov\u00e1n\u00edm.<\/p>\n<p> ide\u00e1ln\u00ed po spr\u0161e.<\/p>\n<h3 data-start=\"755\" data-end=\"1135\"><strong style=\"color: #1b1919; font-size: 24px;\"><span class=\"entity-underline hover:entity-accent inline kurzor-pointer align-baseline\"><span class=\" Eva Skin Care SummerTwistBodyMist<\/span><\/span><\/strong><\/h3>\n<p data-start=\"1189\" data-end=\"1613\">Rozpra\u0161ova\u010d s lehkou, osv\u011b\u017euj\u00edc\u00ed v\u016fn\u00ed \u201eSummer Twist\u201c, kter\u00fd mohou tv\u00e9 smysly ocenit b\u011bhem cel\u00e9ho dne. \u010cerven\u00e9 plody se zde m\u00eds\u00ed s ananasem, r\u016f\u017e\u00ed, ambrou a vanilkou pro sv\u011b\u017e\u00ed, mladistvou a letn\u00ed v\u016fni, kterou m\u016f\u017ee\u0161 snadno nan\u00e9st na t\u011blo nebo oble\u010den\u00ed.<br data-start=\"1487\" \/> spr\u0161e nebo kdykoli b\u011bhem dne pro rychl\u00e9 osv\u011b\u017een\u00ed \u2013 nic mastn\u00e9ho, \u200b\u200bjen jemn\u00e1 v\u016fn\u011b a pocit lehkosti.<\/p>\n","protected":false},"excerpt":{"rendered":"<p>V\u00fdhodn\u00fd set sprchov\u00fd kr\u00e9m, t\u011blov\u00e9 ml\u00e9ko a toaletn\u00ed voda<\/p>\n","protected":false},"featured_media":27242,"comment_status":"closed","ping_status":"open","template":"","meta":[],"product_brand":[361],"product_cat":[73,183],"product_tag":[165],"class_list":{"0":"post-27238","1":"product","2":"type-product","3":"status-publish","4":"has-post-thumbnail","6":"product_brand-eva","7":"product_cat-oblicej","8":"product_cat-vyhodne-balicky-cs","9":"product_tag-eva-cosmetics","11":"first","12":"instock","13":"sale","14":"purchasable","15":"product-type-simple"},"_links":{"self":[{"href":"https:\/\/arabicstyle.cz\/index.php?rest_route=\/wp\/v2\/product\/27238","targetHints":{"allow":["GET"]}}],"collection":[{"href":"https:\/\/arabicstyle.cz\/index.php?rest_route=\/wp\/v2\/product"}],"about":[{"href":"https:\/\/arabicstyle.cz\/index.php?rest_route=\/wp\/v2\/types\/product"}],"replies":[{"embeddable":true,"href":"https:\/\/arabicstyle.cz\/index.php?rest_route=%2Fwp%2Fv2%2Fcomments&post=27238"}],"version-history":[{"count":0,"href":"https:\/\/arabicstyle.cz\/index.php?rest_route=\/wp\/v2\/product\/27238\/revisions"}],"wp:featuredmedia":[{"embeddable":true,"href":"https:\/\/arabicstyle.cz\/index.php?rest_route=\/wp\/v2\/media\/27242"}],"wp:attachment":[{"href":"https:\/\/arabicstyle.cz\/index.php?rest_route=%2Fwp%2Fv2%2Fmedia&parent=27238"}],"wp:term":[{"taxonomy":"product_brand","embeddable":true,"href":"https:\/\/arabicstyle.cz\/index.php?rest_route=%2Fwp%2Fv2%2Fproduct_brand&post=27238"},{"taxonomy":"product_cat","embeddable":true,"href":"https:\/\/arabicstyle.cz\/index.php?rest_route=%2Fwp%2Fv2%2Fproduct_cat&post=27238"},{"taxonomy":"product_tag","embeddable":true,"href":"https:\/\/arabicstyle.cz\/index.php?rest_route=%2Fwp%2Fv2%2Fproduct_tag&post=27238"}],"curies":[{"name":"wp","href":"https:\/\/api.w.org\/{rel}","templated":true}]}}