{"id":27207,"date":"2026-01-29T09:33:06","date_gmt":"2026-01-29T09:33:06","guid":{"rendered":"https:\/\/arabicstyle.sk\/?post_type=product&#038;p=27207"},"modified":"2026-04-30T07:30:29","modified_gmt":"2026-04-30T07:30:29","slug":"eva-skin-clinic-pletove-serum-s-vitaminem-a-30-ml","status":"publish","type":"product","link":"https:\/\/arabicstyle.cz\/?product=eva-skin-clinic-pletove-serum-s-vitaminem-a-30-ml","title":{"rendered":"Eva Skin Clinic Ple\u0165ov\u00e9 s\u00e9rum s vitam\u00ednem A 30 ml"},"content":{"rendered":"<h1 data-path-to-node=\"3\">Eva Skin Clinic: Omlazuj\u00edc\u00ed ple\u0165ov\u00e9 s\u00e9rum s vitam\u00ednem A (30 ml)<\/h1>\n<p data-path-to-node=\"4\"><b data-path-to-node=\"4\" data-index-in-node=\"0\">Navra\u0165te sv\u00e9 pleti pevnost a s\u00edlu, kterou si zaslou\u017e\u00ed.<\/b><\/p>\n<p data-path-to-node=\"5\">S v\u011bkem se p\u0159irozen\u00e1 obnova bun\u011bk zpomaluje, ale d\u00edky v\u011bd\u011b a \u0159ad\u011b <b data-path-to-node=\"5\" data-index-in-node=\"66\">Eva Skin Clinic<\/b> m\u016f\u017eete sv\u00e9 pleti dop\u0159\u00e1t nov\u00fd impulz. Toto koncentrovan\u00e9 s\u00e9rum s <b data-path-to-node=\"5\" data-index-in-node=\"146\">vitam\u00ednem A<\/b> je navr\u017eeno speci\u00e1ln\u011b pro \u017eeny, kter\u00e9 cht\u011bj\u00ed viditeln\u011b <b data-path-to-node=\"5\" data-index-in-node=\"213\">zredukovat vr\u00e1sky<\/b> a navr\u00e1tit sv\u00e9 tv\u00e1\u0159i <b data-path-to-node=\"5\" data-index-in-node=\"252\">mladistv\u00fd jas<\/b>. Je to intenzivn\u00ed p\u00e9\u010de, kter\u00e1 pronik\u00e1 hluboko do poko\u017eky, aby tam odvedla svou omlazuj\u00edc\u00ed pr\u00e1ci.<\/p>\n<h3 data-path-to-node=\"6\">Pro\u010d si toto s\u00e9rum zamilujete?<\/h3>\n<p data-path-to-node=\"7\">Vitam\u00edn A je v kosmetice cen\u011bn pro sv\u00e9 mimo\u0159\u00e1dn\u00e9 regenera\u010dn\u00ed schopnosti. V tomto s\u00e9ru v\u00e1m p\u0159in\u00e1\u0161\u00ed:<\/p>\n<ul data-path-to-node=\"8\">\n<li>\n<p data-path-to-node=\"8,0,0\"><b data-path-to-node=\"8,0,0\" data-index-in-node=\"0\">Viditeln\u00e9 vyhlazen\u00ed vr\u00e1sek:<\/b> S\u00e9rum \u00fa\u010dinn\u011b bojuje proti jemn\u00fdm link\u00e1m i <b data-path-to-node=\"8,0,0\" data-index-in-node=\"70\">hlub\u0161\u00edm vr\u00e1sk\u00e1m<\/b>, kter\u00e9 jsou se zral\u00fdm v\u011bkem spojen\u00e9.<\/p>\n<\/li>\n<li>\n<p data-path-to-node=\"8,1,0\"><b data-path-to-node=\"8,1,0\" data-index-in-node=\"0\">Obnovu ko\u017en\u00edch bun\u011bk:<\/b> Podporuje tvorbu nov\u00e9ho kolagenu, \u010d\u00edm\u017e va\u0161\u00ed pleti navrac\u00ed <b data-path-to-node=\"8,1,0\" data-index-in-node=\"80\">ztracenou pru\u017enost a pevnost<\/b>.<\/p>\n<\/li>\n<li>\n<p data-path-to-node=\"8,2,0\"><b data-path-to-node=\"8,2,0\" data-index-in-node=\"0\">Sjednocen\u00ed textury pleti:<\/b> Va\u0161e poko\u017eka bude po pravideln\u00e9m pou\u017e\u00edv\u00e1n\u00ed <b data-path-to-node=\"8,2,0\" data-index-in-node=\"69\">hlad\u0161\u00ed na dotek<\/b> a barevn\u011b sjednocen\u00e1.<\/p>\n<\/li>\n<li>\n<p data-path-to-node=\"8,3,0\"><b data-path-to-node=\"8,3,0\" data-index-in-node=\"0\">Hloubkovou regeneraci:<\/b> S\u00e9rum pracuje b\u011bhem va\u0161eho odpo\u010dinku, aby se va\u0161e ple\u0165 r\u00e1no probudila <b data-path-to-node=\"8,3,0\" data-index-in-node=\"93\">odpo\u010dat\u00e1 a sv\u011b\u017e\u00ed<\/b>.<\/p>\n<\/li>\n<\/ul>\n<h3 data-path-to-node=\"9\">Jak s\u00e9rum nejl\u00e9pe pou\u017e\u00edvat?<\/h3>\n<p data-path-to-node=\"10\">Naneste n\u011bkolik kapek na o\u010di\u0161t\u011bnou ple\u0165 obli\u010deje a krku, ide\u00e1ln\u011b jako sou\u010d\u00e1st va\u0161eho <b data-path-to-node=\"10\" data-index-in-node=\"85\">ve\u010dern\u00edho ritu\u00e1lu<\/b>. Jemn\u011b vmas\u00edrujte a nechte vst\u0159ebat, ne\u017e nanesete sv\u016fj obl\u00edben\u00fd no\u010dn\u00ed kr\u00e9m. Proto\u017ee je vitam\u00edn A siln\u00e1 l\u00e1tka, va\u0161e ple\u0165 se v\u00e1m za tuto p\u00e9\u010di odvd\u011b\u010d\u00ed <b data-path-to-node=\"10\" data-index-in-node=\"251\">viditeln\u00fdm omlazen\u00edm<\/b>.<\/p>\n<p data-start=\"389\" data-end=\"730\">\n","protected":false},"excerpt":{"rendered":"<p><b data-path-to-node=\"14\" data-index-in-node=\"0\">Intenzivn\u00ed omlazen\u00ed v ka\u017ed\u00e9 kapce.<\/b> Ple\u0165ov\u00e9 s\u00e9rum <b data-path-to-node=\"14\" data-index-in-node=\"49\">Eva Skin Clinic s vitam\u00ednem A<\/b> je \u00fa\u010dinn\u00fdm \u0159e\u0161en\u00edm pro <b data-path-to-node=\"14\" data-index-in-node=\"102\">redukci vr\u00e1sek<\/b> a obnovu pevnosti zral\u00e9 pleti. Toto koncentrovan\u00e9 slo\u017een\u00ed stimuluje tvorbu kolagenu, <b data-path-to-node=\"14\" data-index-in-node=\"202\">vyhlazuje strukturu poko\u017eky<\/b> a navrac\u00ed j\u00ed <b data-path-to-node=\"14\" data-index-in-node=\"243\">z\u00e1\u0159iv\u00fd a mladistv\u00fd vzhled<\/b>. Ide\u00e1ln\u00ed pro ve\u010dern\u00ed ritu\u00e1l ka\u017ed\u00e9 \u017eeny, kter\u00e1 chce pro svou ple\u0165 to nejlep\u0161\u00ed.<\/p>\n","protected":false},"featured_media":27210,"comment_status":"closed","ping_status":"closed","template":"","meta":[],"product_brand":[361],"product_cat":[73],"product_tag":[165],"class_list":{"0":"post-27207","1":"product","2":"type-product","3":"status-publish","4":"has-post-thumbnail","6":"product_brand-eva","7":"product_cat-oblicej","8":"product_tag-eva-cosmetics","10":"first","11":"instock","12":"sale","13":"purchasable","14":"product-type-simple"},"_links":{"self":[{"href":"https:\/\/arabicstyle.cz\/index.php?rest_route=\/wp\/v2\/product\/27207","targetHints":{"allow":["GET"]}}],"collection":[{"href":"https:\/\/arabicstyle.cz\/index.php?rest_route=\/wp\/v2\/product"}],"about":[{"href":"https:\/\/arabicstyle.cz\/index.php?rest_route=\/wp\/v2\/types\/product"}],"replies":[{"embeddable":true,"href":"https:\/\/arabicstyle.cz\/index.php?rest_route=%2Fwp%2Fv2%2Fcomments&post=27207"}],"version-history":[{"count":2,"href":"https:\/\/arabicstyle.cz\/index.php?rest_route=\/wp\/v2\/product\/27207\/revisions"}],"predecessor-version":[{"id":30910,"href":"https:\/\/arabicstyle.cz\/index.php?rest_route=\/wp\/v2\/product\/27207\/revisions\/30910"}],"wp:featuredmedia":[{"embeddable":true,"href":"https:\/\/arabicstyle.cz\/index.php?rest_route=\/wp\/v2\/media\/27210"}],"wp:attachment":[{"href":"https:\/\/arabicstyle.cz\/index.php?rest_route=%2Fwp%2Fv2%2Fmedia&parent=27207"}],"wp:term":[{"taxonomy":"product_brand","embeddable":true,"href":"https:\/\/arabicstyle.cz\/index.php?rest_route=%2Fwp%2Fv2%2Fproduct_brand&post=27207"},{"taxonomy":"product_cat","embeddable":true,"href":"https:\/\/arabicstyle.cz\/index.php?rest_route=%2Fwp%2Fv2%2Fproduct_cat&post=27207"},{"taxonomy":"product_tag","embeddable":true,"href":"https:\/\/arabicstyle.cz\/index.php?rest_route=%2Fwp%2Fv2%2Fproduct_tag&post=27207"}],"curies":[{"name":"wp","href":"https:\/\/api.w.org\/{rel}","templated":true}]}}