{"id":25742,"date":"2026-01-29T09:33:06","date_gmt":"2026-01-29T09:33:06","guid":{"rendered":"https:\/\/arabicstyle.sk\/?post_type=product&#038;p=25742"},"modified":"2026-04-13T13:51:09","modified_gmt":"2026-04-13T13:51:09","slug":"maamoul-susenky-s-datlemi-isis","status":"publish","type":"product","link":"https:\/\/arabicstyle.cz\/?product=maamoul-susenky-s-datlemi-isis","title":{"rendered":"Maamoul su\u0161enky s datlemi| ISIS"},"content":{"rendered":"<p data-start=\"144\" data-end=\"538\"><strong><span dir=\"auto\">Isis Maamoul s datlemi (25 g balen\u00ed, 12 kus\u016f)<\/span><\/strong><br \/>\n<span dir=\"auto\">Vychutnejte si lahodnou chu\u0165 Isis Maamoul s datlemi, vyroben\u00e9ho ze 100% p\u0159\u00edrodn\u00edch surovin. Pln\u011bn\u00fd bohatou a v\u00fd\u017eivnou datlovou pastou je to perfektn\u00ed sva\u010dinka kdykoli b\u011bhem dne. Bez konzerva\u010dn\u00edch l\u00e1tek a um\u011bl\u00fdch p\u0159\u00edsad nab\u00edz\u00ed zdravou a lahodnou pochoutku.<\/span><\/p>\n<p data-start=\"540\" data-end=\"555\"><strong data-start=\"540\" data-end=\"553\">Slo\u017een\u00ed:<\/strong><\/p>\n<ul data-start=\"556\" data-end=\"648\">\n<li data-start=\"556\" data-end=\"599\">\n<p data-start=\"558\" data-end=\"599\">p\u0161eni\u010dn\u00e1 mouka, organick\u00e9 datle, cukr, olej, s\u016fl, vanilka, bez barviv, konzervant\u016f a p\u0159\u00eddatn\u00fdch l\u00e1tek.<\/p>\n<\/li>\n<\/ul>\n<p data-start=\"808\" data-end=\"825\"><strong data-start=\"808\" data-end=\"823\">Alergeny:<\/strong><\/p>\n<ul data-start=\"826\" data-end=\"905\">\n<li data-start=\"826\" data-end=\"840\">\n<p data-start=\"828\" data-end=\"840\">ml\u00e9\u010dn\u00e9 deriv\u00e1ty<\/p>\n<\/li>\n<li data-start=\"841\" data-end=\"854\">\n<p data-start=\"843\" data-end=\"854\">gluten<\/p>\n<\/li>\n<li data-start=\"855\" data-end=\"905\">\n<p data-start=\"857\" data-end=\"905\">m\u016f\u017ee obsahovat stopy s\u00f3ji<\/p>\n<\/li>\n<\/ul>\n<p data-start=\"907\" data-end=\"1060\"><strong data-start=\"907\" data-end=\"920\">Pou\u017eit\u00ed:<\/strong><br data-start=\"920\" data-end=\"923\" \/>uchov\u00e1vejte p\u0159i pokojov\u00e9 teplot\u011b, mimo dosah slune\u010dn\u00edho z\u00e1\u0159en\u00ed<\/p>\n<p data-start=\"1062\" data-end=\"1094\"><strong data-start=\"1062\" data-end=\"1080\">Obsah balen\u00ed:<\/strong> 12 ks samostatn\u011b balen\u00fdch su\u0161enek 25g<\/p>\n","protected":false},"excerpt":{"rendered":"<p>Isis Maamoul s datlemi (25 g balen\u00ed, 12 kus\u016f) Vychutnejte si lahodnou chu\u0165 Isis Maamoul s datlemi, vyroben\u00e9ho ze 100%<\/p>\n","protected":false},"featured_media":25743,"comment_status":"closed","ping_status":"closed","template":"","meta":[],"product_brand":[351],"product_cat":[75],"product_tag":[],"class_list":{"0":"post-25742","1":"product","2":"type-product","3":"status-publish","4":"has-post-thumbnail","6":"product_brand-isis","7":"product_cat-potraviny-cs","9":"first","10":"instock","11":"sale","12":"purchasable","13":"product-type-simple"},"_links":{"self":[{"href":"https:\/\/arabicstyle.cz\/index.php?rest_route=\/wp\/v2\/product\/25742","targetHints":{"allow":["GET"]}}],"collection":[{"href":"https:\/\/arabicstyle.cz\/index.php?rest_route=\/wp\/v2\/product"}],"about":[{"href":"https:\/\/arabicstyle.cz\/index.php?rest_route=\/wp\/v2\/types\/product"}],"replies":[{"embeddable":true,"href":"https:\/\/arabicstyle.cz\/index.php?rest_route=%2Fwp%2Fv2%2Fcomments&post=25742"}],"version-history":[{"count":1,"href":"https:\/\/arabicstyle.cz\/index.php?rest_route=\/wp\/v2\/product\/25742\/revisions"}],"predecessor-version":[{"id":30339,"href":"https:\/\/arabicstyle.cz\/index.php?rest_route=\/wp\/v2\/product\/25742\/revisions\/30339"}],"wp:featuredmedia":[{"embeddable":true,"href":"https:\/\/arabicstyle.cz\/index.php?rest_route=\/wp\/v2\/media\/25743"}],"wp:attachment":[{"href":"https:\/\/arabicstyle.cz\/index.php?rest_route=%2Fwp%2Fv2%2Fmedia&parent=25742"}],"wp:term":[{"taxonomy":"product_brand","embeddable":true,"href":"https:\/\/arabicstyle.cz\/index.php?rest_route=%2Fwp%2Fv2%2Fproduct_brand&post=25742"},{"taxonomy":"product_cat","embeddable":true,"href":"https:\/\/arabicstyle.cz\/index.php?rest_route=%2Fwp%2Fv2%2Fproduct_cat&post=25742"},{"taxonomy":"product_tag","embeddable":true,"href":"https:\/\/arabicstyle.cz\/index.php?rest_route=%2Fwp%2Fv2%2Fproduct_tag&post=25742"}],"curies":[{"name":"wp","href":"https:\/\/api.w.org\/{rel}","templated":true}]}}