{"id":22696,"date":"2026-01-29T09:33:00","date_gmt":"2026-01-29T09:33:00","guid":{"rendered":"https:\/\/arabicstyle.sk\/?post_type=product&#038;p=22696"},"modified":"2026-03-06T06:49:08","modified_gmt":"2026-03-06T06:49:08","slug":"eva-sprchovy-gel-fresh-breeze-1l","status":"publish","type":"product","link":"https:\/\/arabicstyle.cz\/?product=eva-sprchovy-gel-fresh-breeze-1l","title":{"rendered":"Eva sprchov\u00fd gel fresh breeze 1l"},"content":{"rendered":"<p>Sprchov\u00fd gel Eva Skin Care je perfektn\u00ed volbou pro sprchov\u00fd z\u00e1\u017eitek pln\u00fd jemnosti a sv\u011b\u017eesti. Jeho jedine\u010dn\u00e9 slo\u017een\u00ed \u010dist\u00ed t\u011blo a vytv\u00e1\u0159\u00ed bohatou p\u011bnu s kr\u00e1snou v\u016fn\u00ed, abyste si mohli vychutnat koupel.<\/p>\n<p>Obsah: 1l<\/p>\n","protected":false},"excerpt":{"rendered":"<p>Sprchov\u00fd gel Eva Skin Care je perfektn\u00ed volbou pro sprchov\u00fd z\u00e1\u017eitek pln\u00fd jemnosti a sv\u011b\u017eesti. Jeho jedine\u010dn\u00e9 slo\u017een\u00ed \u010dist\u00ed t\u011blo<\/p>\n","protected":false},"featured_media":22697,"comment_status":"closed","ping_status":"closed","template":"","meta":[],"product_brand":[],"product_cat":[185,73,81],"product_tag":[107,165],"class_list":{"0":"post-22696","1":"product","2":"type-product","3":"status-publish","4":"has-post-thumbnail","6":"product_cat-eva-cosmetics-cs","7":"product_cat-oblicej","8":"product_cat-oblicej-a-telo","9":"product_tag-eva","10":"product_tag-eva-cosmetics","12":"first","13":"instock","14":"purchasable","15":"product-type-simple"},"_links":{"self":[{"href":"https:\/\/arabicstyle.cz\/index.php?rest_route=\/wp\/v2\/product\/22696","targetHints":{"allow":["GET"]}}],"collection":[{"href":"https:\/\/arabicstyle.cz\/index.php?rest_route=\/wp\/v2\/product"}],"about":[{"href":"https:\/\/arabicstyle.cz\/index.php?rest_route=\/wp\/v2\/types\/product"}],"replies":[{"embeddable":true,"href":"https:\/\/arabicstyle.cz\/index.php?rest_route=%2Fwp%2Fv2%2Fcomments&post=22696"}],"version-history":[{"count":1,"href":"https:\/\/arabicstyle.cz\/index.php?rest_route=\/wp\/v2\/product\/22696\/revisions"}],"predecessor-version":[{"id":30301,"href":"https:\/\/arabicstyle.cz\/index.php?rest_route=\/wp\/v2\/product\/22696\/revisions\/30301"}],"wp:featuredmedia":[{"embeddable":true,"href":"https:\/\/arabicstyle.cz\/index.php?rest_route=\/wp\/v2\/media\/22697"}],"wp:attachment":[{"href":"https:\/\/arabicstyle.cz\/index.php?rest_route=%2Fwp%2Fv2%2Fmedia&parent=22696"}],"wp:term":[{"taxonomy":"product_brand","embeddable":true,"href":"https:\/\/arabicstyle.cz\/index.php?rest_route=%2Fwp%2Fv2%2Fproduct_brand&post=22696"},{"taxonomy":"product_cat","embeddable":true,"href":"https:\/\/arabicstyle.cz\/index.php?rest_route=%2Fwp%2Fv2%2Fproduct_cat&post=22696"},{"taxonomy":"product_tag","embeddable":true,"href":"https:\/\/arabicstyle.cz\/index.php?rest_route=%2Fwp%2Fv2%2Fproduct_tag&post=22696"}],"curies":[{"name":"wp","href":"https:\/\/api.w.org\/{rel}","templated":true}]}}