{"id":22687,"date":"2026-01-29T09:33:00","date_gmt":"2026-01-29T09:33:00","guid":{"rendered":"https:\/\/arabicstyle.sk\/?post_type=product&#038;p=22687"},"modified":"2026-04-13T14:38:54","modified_gmt":"2026-04-13T14:38:54","slug":"vyhodny-set-sampon-kondicioner-eva-hair-clinic-na-kudrny","status":"publish","type":"product","link":"https:\/\/arabicstyle.cz\/?product=vyhodny-set-sampon-kondicioner-eva-hair-clinic-na-kudrny","title":{"rendered":"V\u00fdhodn\u00fd set \u0161ampon + kondicion\u00e9r Eva hair clinic na kudrny"},"content":{"rendered":"<p>V\u00fdhodn\u00fd set obsahuje:<\/p>\n<p><strong>Kondicion\u00e9r<\/strong><\/p>\n<p>s bambuck\u00fdm m\u00e1slem a ln\u011bn\u00fdm sem\u00ednkem bez silikonu <b>zlep\u0161uje ovladatelnost vlas\u016f<\/b> a z\u00e1rove\u0148 zanech\u00e1v\u00e1 dlouhotrvaj\u00edc\u00ed hydrata\u010dn\u00ed vrstvu, kter\u00e1 zlep\u0161uje definici vln a zabra\u0148uje t\u0159epen\u00ed kone\u010dk\u016f. 230ml<\/p>\n<p><strong>\u0160ampon<\/strong><\/p>\n<p>je vhodnou volbou pro pravideln\u00e9 pou\u017e\u00edv\u00e1n\u00ed. Tento \u0161ampon pom\u00e1h\u00e1 dokonale definovat a hydratovat va\u0161e kudrnat\u00e9 vlasy. Nav\u00edc pom\u00e1h\u00e1 p\u0159i poskytov\u00e1n\u00ed v\u00fd\u017eivy poko\u017ece hlavy. \u0160ampon pom\u00e1h\u00e1 uzamknout vlhkost a \u010din\u00ed vlasy hladk\u00fdmi, jemn\u00fdmi a leskl\u00fdmi. Bezsulf\u00e1tov\u00e9 slo\u017een\u00ed tohoto \u0161amponu je vhodn\u00e9 pro v\u0161echny typy vlas\u016f. \u00da\u010dinn\u011b zbavuje poko\u017eku hlavy a vlasy t\u011b\u017ek\u00fdch n\u00e1nos\u016f a z\u00e1rove\u0148 dod\u00e1v\u00e1 pramen\u016fm vlas\u016f jedine\u010dnou hydrataci a obnovuje v\u00fdrazn\u00e9 pru\u017en\u00e9 vlny. 230ml<\/p>\n<p>&nbsp;<\/p>\n","protected":false},"excerpt":{"rendered":"<p>V\u00fdhodn\u00fd set obsahuje: Kondicion\u00e9r s bambuck\u00fdm m\u00e1slem a ln\u011bn\u00fdm sem\u00ednkem bez silikonu zlep\u0161uje ovladatelnost vlas\u016f a z\u00e1rove\u0148 zanech\u00e1v\u00e1 dlouhotrvaj\u00edc\u00ed hydrata\u010dn\u00ed<\/p>\n","protected":false},"featured_media":0,"comment_status":"closed","ping_status":"open","template":"","meta":[],"product_brand":[],"product_cat":[185,347,89,72,183],"product_tag":[338,165],"class_list":{"0":"post-22687","1":"product","2":"type-product","3":"status-publish","5":"product_cat-eva-cosmetics-cs","6":"product_cat-kondicionery-na-vlasy","7":"product_cat-sampony-cs","8":"product_cat-vlasy-cs","9":"product_cat-vyhodne-balicky-cs","10":"product_tag-darcekovy-set","11":"product_tag-eva-cosmetics","13":"first","14":"instock","15":"sale","16":"purchasable","17":"product-type-simple"},"_links":{"self":[{"href":"https:\/\/arabicstyle.cz\/index.php?rest_route=\/wp\/v2\/product\/22687","targetHints":{"allow":["GET"]}}],"collection":[{"href":"https:\/\/arabicstyle.cz\/index.php?rest_route=\/wp\/v2\/product"}],"about":[{"href":"https:\/\/arabicstyle.cz\/index.php?rest_route=\/wp\/v2\/types\/product"}],"replies":[{"embeddable":true,"href":"https:\/\/arabicstyle.cz\/index.php?rest_route=%2Fwp%2Fv2%2Fcomments&post=22687"}],"version-history":[{"count":0,"href":"https:\/\/arabicstyle.cz\/index.php?rest_route=\/wp\/v2\/product\/22687\/revisions"}],"wp:attachment":[{"href":"https:\/\/arabicstyle.cz\/index.php?rest_route=%2Fwp%2Fv2%2Fmedia&parent=22687"}],"wp:term":[{"taxonomy":"product_brand","embeddable":true,"href":"https:\/\/arabicstyle.cz\/index.php?rest_route=%2Fwp%2Fv2%2Fproduct_brand&post=22687"},{"taxonomy":"product_cat","embeddable":true,"href":"https:\/\/arabicstyle.cz\/index.php?rest_route=%2Fwp%2Fv2%2Fproduct_cat&post=22687"},{"taxonomy":"product_tag","embeddable":true,"href":"https:\/\/arabicstyle.cz\/index.php?rest_route=%2Fwp%2Fv2%2Fproduct_tag&post=22687"}],"curies":[{"name":"wp","href":"https:\/\/api.w.org\/{rel}","templated":true}]}}