{"id":22671,"date":"2026-01-29T09:32:54","date_gmt":"2026-01-29T09:32:54","guid":{"rendered":"https:\/\/arabicstyle.sk\/?post_type=product&#038;p=22671"},"modified":"2026-04-23T16:24:36","modified_gmt":"2026-04-23T16:24:36","slug":"vyhodny-set-sampon-kondicioner-eva-hair-clinic-intensive-repair","status":"publish","type":"product","link":"https:\/\/arabicstyle.cz\/?product=vyhodny-set-sampon-kondicioner-eva-hair-clinic-intensive-repair","title":{"rendered":"V\u00fdhodn\u00fd set \u0161ampon + kondicion\u00e9r Eva hair clinic Intensive repair"},"content":{"rendered":"<p>V\u00fdhodn\u00fd set obsahuje:<\/p>\n<p><a href=\"https:\/\/arabicstyle.cz\/?product=eva-keratin-kondicioner-s-dvojitym-ucinkom\">kondicion\u00e9r<\/a><\/p>\n<p><a href=\"https:\/\/arabicstyle.cz\/?product=eva-hair-clinic-keratin-shampoo-dual-action-intensive-repair\">\u0161ampon<\/a><\/p>\n","protected":false},"excerpt":{"rendered":"<p>V\u00fdhodn\u00fd set obsahuje: kondicion\u00e9r \u0161ampon<\/p>\n","protected":false},"featured_media":22675,"comment_status":"closed","ping_status":"open","template":"","meta":[],"product_brand":[],"product_cat":[347,89,72,183],"product_tag":[338,165],"class_list":{"0":"post-22671","1":"product","2":"type-product","3":"status-publish","4":"has-post-thumbnail","6":"product_cat-kondicionery-na-vlasy","7":"product_cat-sampony-cs","8":"product_cat-vlasy-cs","9":"product_cat-vyhodne-balicky-cs","10":"product_tag-darcekovy-set","11":"product_tag-eva-cosmetics","13":"first","14":"instock","15":"purchasable","16":"product-type-simple"},"_links":{"self":[{"href":"https:\/\/arabicstyle.cz\/index.php?rest_route=\/wp\/v2\/product\/22671","targetHints":{"allow":["GET"]}}],"collection":[{"href":"https:\/\/arabicstyle.cz\/index.php?rest_route=\/wp\/v2\/product"}],"about":[{"href":"https:\/\/arabicstyle.cz\/index.php?rest_route=\/wp\/v2\/types\/product"}],"replies":[{"embeddable":true,"href":"https:\/\/arabicstyle.cz\/index.php?rest_route=%2Fwp%2Fv2%2Fcomments&post=22671"}],"version-history":[{"count":0,"href":"https:\/\/arabicstyle.cz\/index.php?rest_route=\/wp\/v2\/product\/22671\/revisions"}],"wp:featuredmedia":[{"embeddable":true,"href":"https:\/\/arabicstyle.cz\/index.php?rest_route=\/wp\/v2\/media\/22675"}],"wp:attachment":[{"href":"https:\/\/arabicstyle.cz\/index.php?rest_route=%2Fwp%2Fv2%2Fmedia&parent=22671"}],"wp:term":[{"taxonomy":"product_brand","embeddable":true,"href":"https:\/\/arabicstyle.cz\/index.php?rest_route=%2Fwp%2Fv2%2Fproduct_brand&post=22671"},{"taxonomy":"product_cat","embeddable":true,"href":"https:\/\/arabicstyle.cz\/index.php?rest_route=%2Fwp%2Fv2%2Fproduct_cat&post=22671"},{"taxonomy":"product_tag","embeddable":true,"href":"https:\/\/arabicstyle.cz\/index.php?rest_route=%2Fwp%2Fv2%2Fproduct_tag&post=22671"}],"curies":[{"name":"wp","href":"https:\/\/api.w.org\/{rel}","templated":true}]}}