{"id":22060,"date":"2026-01-29T09:32:54","date_gmt":"2026-01-29T09:32:54","guid":{"rendered":"https:\/\/arabicstyle.sk\/?post_type=product&#038;p=22060"},"modified":"2026-04-08T19:51:12","modified_gmt":"2026-04-08T19:51:12","slug":"darkovy-set-theoris","status":"publish","type":"product","link":"https:\/\/arabicstyle.cz\/?product=darkovy-set-theoris","title":{"rendered":"D\u00e1rkov\u00fd set Theoris s HA"},"content":{"rendered":"<p>D\u00e1rkov\u00fd set Theoris, obsahuje:<br \/>\n&#8211; <a href=\"https:\/\/arabicstyle.cz\/?product=eva-maska-na-tvar-s-ha\">Eva maska \u200b\u200bna obli\u010dej s HA<\/a><br \/>\n&#8211; <a href=\"https:\/\/arabicstyle.cz\/?product=eva-skin-clinic-denny-gel-s-ha-45-ml\">EVA SKIN CLINIC denn\u00ed gel s HA \u200b\u200b45 ML<\/a><br \/>\n&#8211; <a href=\"https:\/\/arabicstyle.cz\/?product=eva-skin-clinic-micelarna-voda-s-ha-200-ml\">EVA SKIN CLINIC micel\u00e1rn\u00ed voda s HA \u200b\u200b200ml<\/a><br \/>\n&#8211; <a href=\"https:\/\/arabicstyle.cz\/?product=eva-skin-clinic-nocny-krem-s-ha-45ml\">Eva Skin Clinic no\u010dn\u00ed kr\u00e9m s HA \u200b\u200b45ml<\/a><br \/>\n&#8211; <a href=\"https:\/\/arabicstyle.cz\/?product=eva-pletovy-cistic-s-kyselinou-hyaluronovou-160ml\">Eva ple\u0165ov\u00fd \u010disti\u010d s kyselinou hyaloronovou 160ml<\/a><br \/>\n&#8211; <a href=\"https:\/\/arabicstyle.cz\/?product=eva-skin-clinic-serum-kyselina-hyaluronova-na-rty-10ml\">S\u00e9rum kyselina hyaluronov\u00e1 na rty 10ml<\/a><\/p>\n<p>-Eva s\u00e9rum na obli\u010dej s 1,5% kyselinou hyaluronovou<\/p>\n","protected":false},"excerpt":{"rendered":"<p>D\u00e1rkov\u00fd set Theoris, obsahuje:<\/p>\n<p>&#8211; <a href=\"https:\/\/arabicstyle.cz\/?product=eva-maska-na-tvar-s-ha\">Eva maska \u200b\u200bna obli\u010dej s HA<\/a><br \/>\n&#8211; <a href=\"https:\/\/arabicstyle.cz\/?product=eva-skin-clinic-denny-gel-s-ha-45-ml\">EVA SKIN CLINIC denn\u00ed gel s HA \u200b\u200b45 ML<\/a><br \/>\n&#8211; <a href=\"https:\/\/arabicstyle.cz\/?product=eva-skin-clinic-micelarna-voda-s-ha-200-ml\">EVA SKIN CLINIC micel\u00e1rn\u00ed voda s HA \u200b\u200b200ml<\/a><br \/>\n&#8211; <a href=\"https:\/\/arabicstyle.cz\/?product=eva-skin-clinic-nocny-krem-s-ha-45ml\">Eva Skin Clinic no\u010dn\u00ed kr\u00e9m s HA \u200b\u200b45ml<\/a><br \/>\n&#8211; <a href=\"https:\/\/arabicstyle.cz\/?product=eva-pletovy-cistic-s-kyselinou-hyaluronovou-160ml\">Eva ple\u0165ov\u00fd \u010disti\u010d s kyselinou hyaloronovou 160ml<\/a><br \/>\n&#8211; <a href=\"https:\/\/arabicstyle.cz\/?product=eva-skin-clinic-serum-kyselina-hyaluronova-na-rty-10ml\">S\u00e9rum kyselina hyaluronov\u00e1 na rty 10ml<\/a><\/p>\n<p>-Eva s\u00e9rum na obli\u010dej s 1,5% kyselinou hyaluronovou<\/p>\n","protected":false},"featured_media":0,"comment_status":"closed","ping_status":"closed","template":"","meta":[],"product_brand":[],"product_cat":[183],"product_tag":[338],"class_list":{"0":"post-22060","1":"product","2":"type-product","3":"status-publish","5":"product_cat-vyhodne-balicky-cs","6":"product_tag-darcekovy-set","8":"first","9":"instock","10":"sale","11":"purchasable","12":"product-type-simple"},"_links":{"self":[{"href":"https:\/\/arabicstyle.cz\/index.php?rest_route=\/wp\/v2\/product\/22060","targetHints":{"allow":["GET"]}}],"collection":[{"href":"https:\/\/arabicstyle.cz\/index.php?rest_route=\/wp\/v2\/product"}],"about":[{"href":"https:\/\/arabicstyle.cz\/index.php?rest_route=\/wp\/v2\/types\/product"}],"replies":[{"embeddable":true,"href":"https:\/\/arabicstyle.cz\/index.php?rest_route=%2Fwp%2Fv2%2Fcomments&post=22060"}],"version-history":[{"count":4,"href":"https:\/\/arabicstyle.cz\/index.php?rest_route=\/wp\/v2\/product\/22060\/revisions"}],"predecessor-version":[{"id":30802,"href":"https:\/\/arabicstyle.cz\/index.php?rest_route=\/wp\/v2\/product\/22060\/revisions\/30802"}],"wp:attachment":[{"href":"https:\/\/arabicstyle.cz\/index.php?rest_route=%2Fwp%2Fv2%2Fmedia&parent=22060"}],"wp:term":[{"taxonomy":"product_brand","embeddable":true,"href":"https:\/\/arabicstyle.cz\/index.php?rest_route=%2Fwp%2Fv2%2Fproduct_brand&post=22060"},{"taxonomy":"product_cat","embeddable":true,"href":"https:\/\/arabicstyle.cz\/index.php?rest_route=%2Fwp%2Fv2%2Fproduct_cat&post=22060"},{"taxonomy":"product_tag","embeddable":true,"href":"https:\/\/arabicstyle.cz\/index.php?rest_route=%2Fwp%2Fv2%2Fproduct_tag&post=22060"}],"curies":[{"name":"wp","href":"https:\/\/api.w.org\/{rel}","templated":true}]}}