{"id":20958,"date":"2026-01-29T09:32:49","date_gmt":"2026-01-29T09:32:49","guid":{"rendered":"https:\/\/arabicstyle.sk\/?post_type=product&#038;p=20958"},"modified":"2026-04-12T19:58:09","modified_gmt":"2026-04-12T19:58:09","slug":"vyhodny-balik-masek-na-oblicej-4x","status":"publish","type":"product","link":"https:\/\/arabicstyle.cz\/?product=vyhodny-balik-masek-na-oblicej-4x","title":{"rendered":"V\u00fdhodn\u00fd bal\u00edk masek na obli\u010dej 4x"},"content":{"rendered":"<p>V\u00fdhodn\u00e1 kombinace 4 masek od v\u00fdrobce Eva cosmetics, za cenu 3 kus\u016f:<\/p>\n<p><a href=\"https:\/\/arabicstyle.cz\/?product=eva-b\u00edl\u00e1-perletova-maska\">1x Eva b\u00edl\u00e1 perle\u0165ov\u00e1 maska<\/a><br \/>\n<a href=\"https:\/\/arabicstyle.cz\/?product=eva-maska-na-tvar-s-aktivnym-uhl\u00edm\">1x Eva maska \u200b\u200bna obli\u010dej s aktivn\u00edm uhl\u00edm<\/a><br \/>\n<a href=\"https:\/\/arabicstyle.cz\/?product=eva-maska-na-tvar-s-ha\">1x Eva maska \u200b\u200bna obli\u010dej s HA<\/a><br \/>\n<a href=\"https:\/\/arabicstyle.cz\/?product=kolagenove-masky-na-tvar\">1x Kolagenov\u00e9 obli\u010dejov\u00e9 masky<\/a><\/p>\n","protected":false},"excerpt":{"rendered":"<p>V\u00fdhodn\u00e1 kombinace 4 masek od v\u00fdrobce Eva cosmetics, za cenu 3 kus\u016f:<\/p>\n<p><a href=\"https:\/\/arabicstyle.cz\/?product=eva-b\u00edl\u00e1-perletova-maska\">1x Eva b\u00edl\u00e1 perle\u0165ov\u00e1 maska<\/a><br \/>\n<a href=\"https:\/\/arabicstyle.cz\/?product=eva-maska-na-tvar-s-aktivnym-uhl\u00edm\">1x Eva maska \u200b\u200bna obli\u010dej s aktivn\u00edm uhl\u00edm<\/a><br \/>\n<a href=\"https:\/\/arabicstyle.cz\/?product=eva-maska-na-tvar-s-ha\">1x Eva maska \u200b\u200bna obli\u010dej s HA<\/a><br \/>\n<a href=\"https:\/\/arabicstyle.cz\/?product=kolagenove-masky-na-tvar\">1x Kolagenov\u00e9 obli\u010dejov\u00e9 masky<\/a><\/p>\n","protected":false},"featured_media":0,"comment_status":"closed","ping_status":"open","template":"","meta":[],"product_brand":[],"product_cat":[185,183],"product_tag":[165],"class_list":{"0":"post-20958","1":"product","2":"type-product","3":"status-publish","5":"product_cat-eva-cosmetics-cs","6":"product_cat-vyhodne-balicky-cs","7":"product_tag-eva-cosmetics","9":"first","10":"instock","11":"sale","12":"purchasable","13":"product-type-simple"},"_links":{"self":[{"href":"https:\/\/arabicstyle.cz\/index.php?rest_route=\/wp\/v2\/product\/20958","targetHints":{"allow":["GET"]}}],"collection":[{"href":"https:\/\/arabicstyle.cz\/index.php?rest_route=\/wp\/v2\/product"}],"about":[{"href":"https:\/\/arabicstyle.cz\/index.php?rest_route=\/wp\/v2\/types\/product"}],"replies":[{"embeddable":true,"href":"https:\/\/arabicstyle.cz\/index.php?rest_route=%2Fwp%2Fv2%2Fcomments&post=20958"}],"version-history":[{"count":0,"href":"https:\/\/arabicstyle.cz\/index.php?rest_route=\/wp\/v2\/product\/20958\/revisions"}],"wp:attachment":[{"href":"https:\/\/arabicstyle.cz\/index.php?rest_route=%2Fwp%2Fv2%2Fmedia&parent=20958"}],"wp:term":[{"taxonomy":"product_brand","embeddable":true,"href":"https:\/\/arabicstyle.cz\/index.php?rest_route=%2Fwp%2Fv2%2Fproduct_brand&post=20958"},{"taxonomy":"product_cat","embeddable":true,"href":"https:\/\/arabicstyle.cz\/index.php?rest_route=%2Fwp%2Fv2%2Fproduct_cat&post=20958"},{"taxonomy":"product_tag","embeddable":true,"href":"https:\/\/arabicstyle.cz\/index.php?rest_route=%2Fwp%2Fv2%2Fproduct_tag&post=20958"}],"curies":[{"name":"wp","href":"https:\/\/api.w.org\/{rel}","templated":true}]}}