{"id":13430,"date":"2026-01-29T09:32:23","date_gmt":"2026-01-29T09:32:23","guid":{"rendered":"https:\/\/arabicstyle.sk\/1698304451643\/?post_type=product&#038;p=13430"},"modified":"2026-05-03T07:44:07","modified_gmt":"2026-05-03T07:44:07","slug":"eva-skin-clinic-micelarni-voda-s-ha-200ml","status":"publish","type":"product","link":"https:\/\/arabicstyle.cz\/?product=eva-skin-clinic-micelarni-voda-s-ha-200ml","title":{"rendered":"EVA SKIN CLINIC micel\u00e1rn\u00ed voda s HA \u200b\u200b200ml"},"content":{"rendered":"<div class=\"flex-1 overflow-hidden\">\n<div class=\"react-scroll-to-bottom--css-yhqmq-79elbk h-full\">\n<div class=\"react-scroll-to-bottom--css-yhqmq-1n7m0yu\">\n<div class=\"flex flex-col text-sm gizmo:pb-9 tmav\u011b:bg-gray-800 gizmo:dark:bg-transparent\">\n<div class=\"group w-full text-token-text-primary border-b border-black\/10 gizmo:border-0 dark:border-gray-900\/50 gizmo:dark:border-0 bg-gray-50 gizmo:bg-transparent dark:bg-[#444654 data-testid=\">\n<div class=\"p-4 gizmo:py-2 justify-centrum text-base md:gap-6 md:py-6 m-auto\">\n<div class=\"flex flex-1 gap-4 text-base mx-auto md:gap-6 gizmo:gap-3 gizmo:md:px-5 gizmo:lg:px-1 gizmo:xl:px-5 md:max-w-2xl lg:max-w-[38rem] gizmo:lg:max-w-[40rem] gizmo:xl:max-w-[48rem] xl:max-w-3xl }\">\n<div class=\"relativn\u00ed flex w-[calc(100%-50px)] flex-col gizmo:w-full lg:w-[calc(100%-115px)] agent-turn\">\n<div class=\"flex justify-between empty:hidden gizmo:justify-start gizmo:gap-3 lg:block gizmo:lg:flex\">\n<h3 data-path-to-node=\"3\"><i data-path-to-node=\"3\" data-index-in-node=\"0\">Dokonal\u00e1 \u010distota a sv\u011b\u017eest bez pocitu vysu\u0161en\u00ed<\/i><\/h3>\n<p data-path-to-node=\"4\">V\u00edte, \u017ee tajemstv\u00ed kr\u00e1sn\u00e9 pleti za\u010d\u00edn\u00e1 u\u017e u jej\u00edho \u010di\u0161t\u011bn\u00ed? Pro ple\u0165, kter\u00e1 si \u017e\u00e1d\u00e1 extra p\u00e9\u010di, u\u017e oby\u010dejn\u00e1 voda nesta\u010d\u00ed. <b data-path-to-node=\"4\" data-index-in-node=\"122\">Micel\u00e1rn\u00ed voda Eva Skin Clinic<\/b> s obsahem kyseliny hyaluronov\u00e9 je navr\u017eena tak, aby va\u0161i tv\u00e1\u0159 nejen zbavila ne\u010distot a make-upu, ale z\u00e1rove\u0148 ji hloubkov\u011b h\u00fd\u010dkala a p\u0159ipravila na dal\u0161\u00ed kroky va\u0161\u00ed kosmetick\u00e9 rutiny.<\/p>\n<h3 data-path-to-node=\"5\">Pro\u010d si ji va\u0161e ple\u0165 okam\u017eit\u011b obl\u00edb\u00ed?<\/h3>\n<ul data-path-to-node=\"6\">\n<li>\n<p data-path-to-node=\"6,0,0\"><b data-path-to-node=\"6,0,0\" data-index-in-node=\"0\">\u010cist\u00ed i hydratuje z\u00e1rove\u0148:<\/b> D\u00edky obsahu kyseliny hyaluronov\u00e9 ple\u0165 p\u0159i \u010di\u0161t\u011bn\u00ed nevysu\u0161uje, ale naopak j\u00ed pom\u00e1h\u00e1 udr\u017eet drahocennou vlhkost. Zapome\u0148te na nep\u0159\u00edjemn\u00fd pocit pnut\u00ed po odl\u00ed\u010den\u00ed.<\/p>\n<\/li>\n<li>\n<p data-path-to-node=\"6,1,0\"><b data-path-to-node=\"6,1,0\" data-index-in-node=\"0\">\u0160etrn\u00e9 odl\u00ed\u010den\u00ed v jednom kroku:<\/b> \u00da\u010dinn\u00e9 micely jako magnet p\u0159itahuj\u00ed ne\u010distoty, ko\u017en\u00ed maz i make-up, a to bez nutnosti drhnout poko\u017eku silou. Je velmi jemn\u00e1 i k citliv\u00fdm parti\u00edm kolem o\u010d\u00ed.<\/p>\n<\/li>\n<li>\n<p data-path-to-node=\"6,2,0\"><b data-path-to-node=\"6,2,0\" data-index-in-node=\"0\">Okam\u017eit\u00e9 osv\u011b\u017een\u00ed:<\/b> Va\u0161e ple\u0165 bude po ka\u017ed\u00e9m pou\u017eit\u00ed p\u016fsobit sv\u011b\u017ee, \u010dist\u011b a bude sametov\u011b hebk\u00e1 na dotek.<\/p>\n<\/li>\n<li>\n<p data-path-to-node=\"6,3,0\"><b data-path-to-node=\"6,3,0\" data-index-in-node=\"0\">P\u0159\u00edprava pro s\u00e9rum a kr\u00e9m:<\/b> \u010cist\u00e1 ple\u0165 mnohem l\u00e9pe vst\u0159eb\u00e1v\u00e1 \u00fa\u010dinn\u00e9 l\u00e1tky z va\u0161ich obl\u00edben\u00fdch s\u00e9r a kr\u00e9m\u016f. Tato micel\u00e1rn\u00ed voda jim otev\u00edr\u00e1 cestu hluboko do poko\u017eky.<\/p>\n<\/li>\n<\/ul>\n<hr data-path-to-node=\"7\" \/>\n<h3 data-path-to-node=\"8\">Jak ji spr\u00e1vn\u011b pou\u017e\u00edvat pro nejlep\u0161\u00ed v\u00fdsledek?<\/h3>\n<p data-path-to-node=\"9\">\u010ci\u0161t\u011bn\u00ed pleti je z\u00e1kladem ka\u017ed\u00e9ho r\u00e1na i ve\u010dera. Sta\u010d\u00ed p\u00e1r okam\u017eik\u016f:<\/p>\n<ol start=\"1\" data-path-to-node=\"10\">\n<li>\n<p data-path-to-node=\"10,0,0\"><b data-path-to-node=\"10,0,0\" data-index-in-node=\"0\">Namo\u010dte tamponek:<\/b> Naneste p\u0159im\u011b\u0159en\u00e9 mno\u017estv\u00ed micel\u00e1rn\u00ed vody na kosmetick\u00fd tamponek.<\/p>\n<\/li>\n<li>\n<p data-path-to-node=\"10,1,0\"><b data-path-to-node=\"10,1,0\" data-index-in-node=\"0\">Jemn\u011b st\u00edrejte:<\/b> P\u0159ilo\u017ete na obli\u010dej, o\u010di a rty a lehk\u00fdmi tahy odstra\u0148te make-up a ne\u010distoty. Netla\u010dte, nechte pracovat s\u00edlu micel.<\/p>\n<\/li>\n<li>\n<p data-path-to-node=\"10,2,0\"><b data-path-to-node=\"10,2,0\" data-index-in-node=\"0\">Pokra\u010dujte v p\u00e9\u010di:<\/b> Ple\u0165 je nyn\u00ed dokonale \u010dist\u00e1 a p\u0159ipraven\u00e1 na nanesen\u00ed va\u0161eho obl\u00edben\u00e9ho s\u00e9ra nebo no\u010dn\u00edho kr\u00e9mu z na\u0161\u00ed \u0159ady s kyselinou hyaluronovou.<\/p>\n<\/li>\n<\/ol>\n<\/div>\n<\/div>\n<\/div>\n<\/div>\n<\/div>\n<\/div>\n<\/div>\n<\/div>\n<\/div>\n<div class=\"w-full pt-2 md:pt-0 border-t md:border-t-0 tmav\u011b:border-white\/20 md:border-transparent md:dark:border-transparent md:pl-2 gizmo:pl-0 gizmo:md:pl-0 md:-0[ left-0 md:bg-vert-light-gradient bg-b\u00edl\u00e1 tmav\u011b:bg-gray-800 md:!bg-transparent dark:md:bg-vert-dark-gradient\">\n<form class=\" lg:max-w-2xl xl:max-w-3xl\">\n<div class=\"relative flex h-full flex-1 items-stretch md:flex-col\">\n<div>\n<div class=\"h-full flex ml-1 md:w-full md:m-auto md:mb-4 gap-0 md:gap-2 justify-center\"><\/div>\n<\/div>\n<\/div>\n<\/form>\n<\/div>\n","protected":false},"excerpt":{"rendered":"<p>Jemn\u00e1 micel\u00e1rn\u00ed voda va\u0161i ple\u0165 nejen dokonale vy\u010dist\u00ed, ale d\u00edky kyselin\u011b hyaluronov\u00e9 ji zanech\u00e1 kr\u00e1sn\u011b vl\u00e1\u010dnou a bez nep\u0159\u00edjemn\u00e9ho pnut\u00ed. Je to ten nejlep\u0161\u00ed prvn\u00ed krok, kter\u00fd va\u0161i tv\u00e1\u0159 osv\u011b\u017e\u00ed a ide\u00e1ln\u011b p\u0159iprav\u00ed na hloubkov\u00e9 h\u00fd\u010dk\u00e1n\u00ed s\u00e9rem \u010di kr\u00e9mem.<\/p>\n","protected":false},"featured_media":30630,"comment_status":"closed","ping_status":"closed","template":"","meta":[],"product_brand":[],"product_cat":[73,81],"product_tag":[165],"class_list":{"0":"post-13430","1":"product","2":"type-product","3":"status-publish","4":"has-post-thumbnail","6":"product_cat-oblicej","7":"product_cat-oblicej-a-telo","8":"product_tag-eva-cosmetics","10":"first","11":"instock","12":"sale","13":"purchasable","14":"product-type-simple"},"_links":{"self":[{"href":"https:\/\/arabicstyle.cz\/index.php?rest_route=\/wp\/v2\/product\/13430","targetHints":{"allow":["GET"]}}],"collection":[{"href":"https:\/\/arabicstyle.cz\/index.php?rest_route=\/wp\/v2\/product"}],"about":[{"href":"https:\/\/arabicstyle.cz\/index.php?rest_route=\/wp\/v2\/types\/product"}],"replies":[{"embeddable":true,"href":"https:\/\/arabicstyle.cz\/index.php?rest_route=%2Fwp%2Fv2%2Fcomments&post=13430"}],"version-history":[{"count":2,"href":"https:\/\/arabicstyle.cz\/index.php?rest_route=\/wp\/v2\/product\/13430\/revisions"}],"predecessor-version":[{"id":30633,"href":"https:\/\/arabicstyle.cz\/index.php?rest_route=\/wp\/v2\/product\/13430\/revisions\/30633"}],"wp:featuredmedia":[{"embeddable":true,"href":"https:\/\/arabicstyle.cz\/index.php?rest_route=\/wp\/v2\/media\/30630"}],"wp:attachment":[{"href":"https:\/\/arabicstyle.cz\/index.php?rest_route=%2Fwp%2Fv2%2Fmedia&parent=13430"}],"wp:term":[{"taxonomy":"product_brand","embeddable":true,"href":"https:\/\/arabicstyle.cz\/index.php?rest_route=%2Fwp%2Fv2%2Fproduct_brand&post=13430"},{"taxonomy":"product_cat","embeddable":true,"href":"https:\/\/arabicstyle.cz\/index.php?rest_route=%2Fwp%2Fv2%2Fproduct_cat&post=13430"},{"taxonomy":"product_tag","embeddable":true,"href":"https:\/\/arabicstyle.cz\/index.php?rest_route=%2Fwp%2Fv2%2Fproduct_tag&post=13430"}],"curies":[{"name":"wp","href":"https:\/\/api.w.org\/{rel}","templated":true}]}}