{"id":13424,"date":"2026-01-29T09:32:23","date_gmt":"2026-01-29T09:32:23","guid":{"rendered":"https:\/\/arabicstyle.sk\/1698304451643\/?post_type=product&#038;p=13424"},"modified":"2026-04-29T06:46:07","modified_gmt":"2026-04-29T06:46:07","slug":"eva-maska-na-oblicej-s-ha","status":"publish","type":"product","link":"https:\/\/arabicstyle.cz\/?product=eva-maska-na-oblicej-s-ha","title":{"rendered":"Eva maska \u200b\u200bna obli\u010dej s HA"},"content":{"rendered":"<h3 data-path-to-node=\"3\"><i data-path-to-node=\"3\" data-index-in-node=\"0\">Va\u0161ich 15 minut pro okam\u017eit\u00e9 omlazen\u00ed a hloubkovou regeneraci<\/i><\/h3>\n<p data-path-to-node=\"4\">M\u00e1te pocit, \u017ee je va\u0161e ple\u0165 po n\u00e1ro\u010dn\u00e9m dni unaven\u00e1, mdl\u00e1 nebo vysu\u0161en\u00e1? Dop\u0159ejte j\u00ed okam\u017eitou vzpruhu s <b data-path-to-node=\"4\" data-index-in-node=\"105\">textiln\u00ed maskou Eva Skin Clinic<\/b>. Tato maska funguje jako intenzivn\u00ed \u201einfuze\u201c \u010dist\u00e9 hydratace. D\u00edky vysok\u00e9 koncentraci kyseliny hyaluronov\u00e9 dok\u00e1\u017ee b\u011bhem p\u00e1r minut to, co b\u011b\u017en\u00fd kr\u00e9m d\u011bl\u00e1 n\u011bkolik dn\u00ed. Je to v\u00e1\u0161 tajn\u00fd recept na rozz\u00e1\u0159enou ple\u0165 p\u0159ed d\u016fle\u017eitou ud\u00e1lost\u00ed nebo prost\u011b jen pro radost z p\u011bst\u011bn\u00e9ho vzhledu.<\/p>\n<h3 data-path-to-node=\"5\">Pro\u010d si tuto masku zamilujete?<\/h3>\n<ul data-path-to-node=\"6\">\n<li>\n<p data-path-to-node=\"6,0,0\"><b data-path-to-node=\"6,0,0\" data-index-in-node=\"0\">Okam\u017eit\u00fd \u201ewow\u201c efekt:<\/b> Ji\u017e po jedn\u00e9 aplikaci bude va\u0161e ple\u0165 viditeln\u011b pln\u011bj\u0161\u00ed, hlad\u0161\u00ed a kr\u00e1sn\u011b projasn\u011bn\u00e1. Ide\u00e1ln\u00ed pomocn\u00edk, kdy\u017e pot\u0159ebujete vypadat odpo\u010dat\u011b b\u011bhem chvilky.<\/p>\n<\/li>\n<li>\n<p data-path-to-node=\"6,1,0\"><b data-path-to-node=\"6,1,0\" data-index-in-node=\"0\">Hloubkov\u00e1 hydrata\u010dn\u00ed bomba:<\/b> Speci\u00e1ln\u00ed textiln\u00ed vl\u00e1kno masky zaji\u0161\u0165uje, \u017ee se \u00fa\u010dinn\u00e9 l\u00e1tky neodpa\u0159uj\u00ed, ale vst\u0159eb\u00e1vaj\u00ed se hluboko do poko\u017eky, kde uzamykaj\u00ed vlhkost.<\/p>\n<\/li>\n<li>\n<p data-path-to-node=\"6,2,0\"><b data-path-to-node=\"6,2,0\" data-index-in-node=\"0\">Vyhlazen\u00ed \u00fanavy:<\/b> Maska pom\u00e1h\u00e1 vyp\u00ednat jemn\u00e9 linky zp\u016fsoben\u00e9 dehydratac\u00ed a navrac\u00ed tv\u00e1\u0159i jej\u00ed p\u0159irozenou pru\u017enost a jemnost.<\/p>\n<\/li>\n<li>\n<p data-path-to-node=\"6,3,0\"><b data-path-to-node=\"6,3,0\" data-index-in-node=\"0\">Chvilka jen pro v\u00e1s:<\/b> Krom\u011b p\u00e9\u010de o ple\u0165 v\u00e1m maska dop\u0159eje i 15 minut zaslou\u017een\u00e9ho klidu a relaxace v pohodl\u00ed domova.<\/p>\n<\/li>\n<\/ul>\n<hr data-path-to-node=\"7\" \/>\n<h3 data-path-to-node=\"8\">Jak si masku nejl\u00e9pe u\u017e\u00edt?<\/h3>\n<p data-path-to-node=\"9\">Vyt\u011b\u017ete z t\u00e9to p\u00e9\u010de maximum pomoc\u00ed jednoduch\u00e9ho postupu:<\/p>\n<ol start=\"1\" data-path-to-node=\"10\">\n<li>\n<p data-path-to-node=\"10,0,0\"><b data-path-to-node=\"10,0,0\" data-index-in-node=\"0\">\u010cist\u00fd z\u00e1klad:<\/b> Masku p\u0159ikl\u00e1dejte v\u017edy na d\u016fkladn\u011b vy\u010di\u0161t\u011bnou ple\u0165 (ide\u00e1ln\u011b po pou\u017eit\u00ed na\u0161eho \u010distic\u00edho gelu nebo micel\u00e1rn\u00ed vody).<\/p>\n<\/li>\n<li>\n<p data-path-to-node=\"10,1,0\"><b data-path-to-node=\"10,1,0\" data-index-in-node=\"0\">Dokonal\u00e9 p\u0159ilnut\u00ed:<\/b> Masku opatrn\u011b vyjm\u011bte z obalu, rozlo\u017ete a p\u0159ilo\u017ete na obli\u010dej. Jemn\u011b ji uhla\u010fte prsty, aby nikde nebyly vzduchov\u00e9 bublinky.<\/p>\n<\/li>\n<li>\n<p data-path-to-node=\"10,2,0\"><b data-path-to-node=\"10,2,0\" data-index-in-node=\"0\"><a href=\"https:\/\/www.zenlux.sk\/\" target=\"_blank\" rel=\"noopener\">Relaxujte<\/a>:<\/b> Nechte p\u016fsobit 15 a\u017e 20 minut. Zav\u0159ete o\u010di a nechte kyselinu hyaluronovou pracovat za v\u00e1s.<\/p>\n<\/li>\n<li>\n<p data-path-to-node=\"10,3,0\"><b data-path-to-node=\"10,3,0\" data-index-in-node=\"0\">Z\u00e1v\u011bre\u010dn\u00e1 p\u00e9\u010de:<\/b> Masku sejm\u011bte a zbyl\u00e9 s\u00e9rum jemn\u011b vmas\u00edrujte do pleti, krku i dekoltu. Neoplachujte \u2013 va\u0161e ple\u0165 ka\u017edou kapku s vd\u011b\u010dnost\u00ed vyu\u017eije.<\/p>\n<\/li>\n<\/ol>\n","protected":false},"excerpt":{"rendered":"<p>Tato intenzivn\u00ed textiln\u00ed maska funguje jako hydrata\u010dn\u00ed \u201einfuze\u201c, kter\u00e1 va\u0161i ple\u0165 b\u011bhem p\u00e1r minut viditeln\u011b vypln\u00ed, vyhlad\u00ed a zbav\u00ed zn\u00e1mek \u00fanavy. Je to ide\u00e1ln\u00ed patn\u00e1ctiminutov\u00fd ritu\u00e1l pro okam\u017eit\u011b sv\u011b\u017e\u00ed, rozz\u00e1\u0159enou a sametov\u011b hebkou tv\u00e1\u0159 p\u0159ed jakoukoliv ud\u00e1lost\u00ed.<\/p>\n","protected":false},"featured_media":30647,"comment_status":"closed","ping_status":"closed","template":"","meta":[],"product_brand":[361],"product_cat":[73,81],"product_tag":[165],"class_list":{"0":"post-13424","1":"product","2":"type-product","3":"status-publish","4":"has-post-thumbnail","6":"product_brand-eva","7":"product_cat-oblicej","8":"product_cat-oblicej-a-telo","9":"product_tag-eva-cosmetics","11":"first","12":"instock","13":"sale","14":"purchasable","15":"product-type-simple"},"_links":{"self":[{"href":"https:\/\/arabicstyle.cz\/index.php?rest_route=\/wp\/v2\/product\/13424","targetHints":{"allow":["GET"]}}],"collection":[{"href":"https:\/\/arabicstyle.cz\/index.php?rest_route=\/wp\/v2\/product"}],"about":[{"href":"https:\/\/arabicstyle.cz\/index.php?rest_route=\/wp\/v2\/types\/product"}],"replies":[{"embeddable":true,"href":"https:\/\/arabicstyle.cz\/index.php?rest_route=%2Fwp%2Fv2%2Fcomments&post=13424"}],"version-history":[{"count":3,"href":"https:\/\/arabicstyle.cz\/index.php?rest_route=\/wp\/v2\/product\/13424\/revisions"}],"predecessor-version":[{"id":30850,"href":"https:\/\/arabicstyle.cz\/index.php?rest_route=\/wp\/v2\/product\/13424\/revisions\/30850"}],"wp:featuredmedia":[{"embeddable":true,"href":"https:\/\/arabicstyle.cz\/index.php?rest_route=\/wp\/v2\/media\/30647"}],"wp:attachment":[{"href":"https:\/\/arabicstyle.cz\/index.php?rest_route=%2Fwp%2Fv2%2Fmedia&parent=13424"}],"wp:term":[{"taxonomy":"product_brand","embeddable":true,"href":"https:\/\/arabicstyle.cz\/index.php?rest_route=%2Fwp%2Fv2%2Fproduct_brand&post=13424"},{"taxonomy":"product_cat","embeddable":true,"href":"https:\/\/arabicstyle.cz\/index.php?rest_route=%2Fwp%2Fv2%2Fproduct_cat&post=13424"},{"taxonomy":"product_tag","embeddable":true,"href":"https:\/\/arabicstyle.cz\/index.php?rest_route=%2Fwp%2Fv2%2Fproduct_tag&post=13424"}],"curies":[{"name":"wp","href":"https:\/\/api.w.org\/{rel}","templated":true}]}}