{"id":13316,"date":"2026-01-29T09:32:23","date_gmt":"2026-01-29T09:32:23","guid":{"rendered":"https:\/\/arabicstyle.sk\/1698304451643\/?post_type=product&#038;p=13316"},"modified":"2026-05-01T18:36:17","modified_gmt":"2026-05-01T18:36:17","slug":"eva-hair-clinic-keratin-sampon-dual-action-intensive-repair","status":"publish","type":"product","link":"https:\/\/arabicstyle.cz\/?product=eva-hair-clinic-keratin-sampon-dual-action-intensive-repair","title":{"rendered":"Eva Hair Clinic Keratin \u0161ampon Dual Action Intensive Repair"},"content":{"rendered":"<div id=\"aplus_feature_div\" class=\"celwidget\" data-feature-name=\"aplus\" data-csa-c-type=\"widget\" data-csa-c-content-id=\"aplus\" data-csa-c-slot-id=\"aplus_feature_div\" data-csa-c-c-type=\"\" data-csa-c-is-in-initial-active-row=\"false\" data-csa-c-id=\"phd9s2-cl99p9-2th6o8-koq7kt\" data-cel-widget=\"aplus_feature_div\">\n<div id=\"aplus\" class=\"a-section a-spacing-large bucket\">\n<div class=\"aplus-v2 desktop celwidget\" data-csa-c-id=\"403jbz-53w0bx-8ye425-leas3f\" data-cel-widget=\"aplus\">\n<div class=\"celwidget modul 3p modulu aplus standard\" data-csa-c-id=\"njbnnw-8zslf7-dg7ma1-dz2sli\" data-cel-widget=\"aplus-3p-module-b\">\n<div class=\"aplus-module-wrapper aplus-3p-fixed-width\">\n<ul class=\"a-unordered-list a-vertical\">\n<li class=\"a-spacing-mini\"><span class=\"a-list-item\">Tato nov\u00e1 inovace se zam\u011b\u0159uje na po\u0161kozen\u00e9 vlasy a opravuje je, zachov\u00e1v\u00e1 lesk a hladkost vlas\u016f, kombinuje siln\u00e9 vlastnosti keratinu pro projasn\u011bn\u00ed vlas\u016f a ochranu vlas\u016f pomoc\u00ed technologie Dual Action.\u00a0Pronik\u00e1 do vlasov\u00e9ho vl\u00e1kna a dod\u00e1v\u00e1 mu z\u00e1kladn\u00ed v\u00fd\u017eivu, kterou vlasy ztr\u00e1cej\u00ed v d\u016fsledku okoln\u00edch ka\u017edodenn\u00edch faktor\u016f.<\/span><\/li>\n<li class=\"a-spacing-mini\"><span class=\"a-list-item\">Va\u0161e vlasy jsou sou\u010d\u00e1st\u00ed toho, kdo jste.\u00a0Vypadejte co nejl\u00e9pe bez ztr\u00e1ty toho, co v\u00e1s \u010din\u00ed jedine\u010dn\u00fdmi.\u00a0E-keratinov\u00fd \u0161ampon Eva Hair Clinic: Perfektn\u00ed vlasy pro hloubkovou hydrataci a jemn\u011bj\u0161\u00ed vlasy pro v\u0161echny vlasy, lze jej pou\u017e\u00edt jako sou\u010d\u00e1st va\u0161\u00ed ka\u017edodenn\u00ed p\u00e9\u010de o vlasy.<\/span><\/li>\n<li class=\"a-spacing-mini\"><span class=\"a-list-item\">Keratinov\u00fd \u0161ampon Eva Hair Clinic hloubkov\u011b vy\u017eivuje a posiluje vlasy od ko\u0159\u00ednk\u016f po kone\u010dky, \u010d\u00edm\u017e sni\u017euje vypad\u00e1v\u00e1n\u00ed vlas\u016f a obsahuje keratin, kter\u00fd opravuje rozt\u0159epen\u00e9 kone\u010dky a po\u0161kozen\u00e9 vlasy, zanech\u00e1v\u00e1 vlasy.\u00a0Koncentrovan\u00fd a bohat\u00fd na keratin, kter\u00fd zv\u00fdraz\u0148uje kr\u00e1su vlas\u016f a va\u0161e vlasy skv\u011ble osv\u011b\u017euje.<\/span><\/li>\n<\/ul>\n<p class=\"a-spacing-base\"><span class=\"a-text-bold\">N\u00c1VOD K POU\u017dIT\u00cd:<\/span><\/p>\n<ul class=\"a-unordered-list a-vertical\">\n<li><span class=\"a-list-item\">Vytla\u010dte mal\u00e9 mno\u017estv\u00ed do dlan\u011b.<\/span><\/li>\n<li><span class=\"a-list-item\">Naneste rovnom\u011brn\u011b p\u0159es prameny vlas\u016f na vlhk\u00e9 vlasy, vmas\u00edrujte.<\/span><\/li>\n<li><span class=\"a-list-item\">Opl\u00e1chn\u011bte.<\/span><\/li>\n<\/ul>\n<p>&nbsp;<\/p>\n<\/div>\n<\/div>\n<\/div>\n<\/div>\n<\/div>\n<div id=\"productDetailsWithModules_feature_div\" class=\"celwidget\" data-feature-name=\"productDetailsWithModules\" data-csa-c-type=\"widget\" data-csa-c-content-id=\"productDetailsWithModules\" data-csa-c-slot-id=\"productDetailsWithModules_feature_div\" data-csa-c-asin=\"\" data-csa-c-is-in-initial-active-row=\"false\" data-csa-c-id=\"m696n-50av23-umughq-ul3ufw data-cel-widget=\"><\/div>\n","protected":false},"excerpt":{"rendered":"<p>Tato nov\u00e1 inovace se zam\u011b\u0159uje na po\u0161kozen\u00e9 vlasy a opravuje je, zachov\u00e1v\u00e1 lesk a hladkost vlas\u016f, kombinuje siln\u00e9 vlastnosti keratinu<\/p>\n","protected":false},"featured_media":31049,"comment_status":"closed","ping_status":"closed","template":"","meta":[],"product_brand":[],"product_cat":[185,89,72],"product_tag":[107,165],"class_list":{"0":"post-13316","1":"product","2":"type-product","3":"status-publish","4":"has-post-thumbnail","6":"product_cat-eva-cosmetics-cs","7":"product_cat-sampony-cs","8":"product_cat-vlasy-cs","9":"product_tag-eva","10":"product_tag-eva-cosmetics","12":"first","13":"instock","14":"purchasable","15":"product-type-simple"},"_links":{"self":[{"href":"https:\/\/arabicstyle.cz\/index.php?rest_route=\/wp\/v2\/product\/13316","targetHints":{"allow":["GET"]}}],"collection":[{"href":"https:\/\/arabicstyle.cz\/index.php?rest_route=\/wp\/v2\/product"}],"about":[{"href":"https:\/\/arabicstyle.cz\/index.php?rest_route=\/wp\/v2\/types\/product"}],"replies":[{"embeddable":true,"href":"https:\/\/arabicstyle.cz\/index.php?rest_route=%2Fwp%2Fv2%2Fcomments&post=13316"}],"version-history":[{"count":1,"href":"https:\/\/arabicstyle.cz\/index.php?rest_route=\/wp\/v2\/product\/13316\/revisions"}],"predecessor-version":[{"id":31050,"href":"https:\/\/arabicstyle.cz\/index.php?rest_route=\/wp\/v2\/product\/13316\/revisions\/31050"}],"wp:featuredmedia":[{"embeddable":true,"href":"https:\/\/arabicstyle.cz\/index.php?rest_route=\/wp\/v2\/media\/31049"}],"wp:attachment":[{"href":"https:\/\/arabicstyle.cz\/index.php?rest_route=%2Fwp%2Fv2%2Fmedia&parent=13316"}],"wp:term":[{"taxonomy":"product_brand","embeddable":true,"href":"https:\/\/arabicstyle.cz\/index.php?rest_route=%2Fwp%2Fv2%2Fproduct_brand&post=13316"},{"taxonomy":"product_cat","embeddable":true,"href":"https:\/\/arabicstyle.cz\/index.php?rest_route=%2Fwp%2Fv2%2Fproduct_cat&post=13316"},{"taxonomy":"product_tag","embeddable":true,"href":"https:\/\/arabicstyle.cz\/index.php?rest_route=%2Fwp%2Fv2%2Fproduct_tag&post=13316"}],"curies":[{"name":"wp","href":"https:\/\/api.w.org\/{rel}","templated":true}]}}