{"id":13304,"date":"2026-01-29T09:32:18","date_gmt":"2026-01-29T09:32:18","guid":{"rendered":"https:\/\/arabicstyle.sk\/1698304451643\/?post_type=product&#038;p=13304"},"modified":"2026-04-01T17:34:07","modified_gmt":"2026-04-01T17:34:07","slug":"vatika-multivitamin-hot-oil-maska-olivy","status":"publish","type":"product","link":"https:\/\/arabicstyle.cz\/?product=vatika-multivitamin-hot-oil-maska-olivy","title":{"rendered":"Vatika multivitamin hot oil maska \u200b\u200b- olivy"},"content":{"rendered":"<p><strong><span class=\"\" lang=\"cs\" tabindex=\"-1\">Vynikaj\u00edc\u00ed \u0159e\u0161en\u00ed pro such\u00e9 a l\u00e1mav\u00e9 vlasy<\/span><\/strong><\/p>\n<p><span id=\"result_box\" class=\"\" lang=\"cs\" tabindex=\"-1\"><span class=\"\">Olivov\u00e1 maska \u200b\u200bvy\u017eivuje such\u00e9 vlasy bez lesku. Tak\u00e9 zlep\u0161uje strukturu po\u0161kozen\u00fdch vlas\u016f, hydratuje a zabra\u0148uje vypad\u00e1v\u00e1n\u00ed vlas\u016f. Maska blahod\u00e1rn\u011b p\u016fsob\u00ed na p\u0159irozenou regeneraci vlas\u016f a t\u00edm se st\u00e1vaj\u00ed siln\u00e9 a zdrav\u00e9.<\/span><\/span><\/p>\n<p><span class=\"\" lang=\"cs\" tabindex=\"-1\"><span class=\"\"><strong>D\u016fle\u017eit\u00e9 bylinky:<\/strong><br \/>\n<\/span><\/span><\/p>\n<p><span id=\"result_box\" class=\"\" lang=\"cs\" tabindex=\"-1\">Olivy &#8211; v\u00fdrazn\u011b vy\u017eivuj\u00ed a hydratuj\u00ed vlasy<br \/>\nHenna \u2013 vytv\u00e1\u0159\u00ed ochrann\u00fd povlak kolem vlas\u016f a dod\u00e1v\u00e1 jim lesk. Vlasy jsou tak pevn\u011bj\u0161\u00ed a odoln\u011bj\u0161\u00ed proti vypad\u00e1v\u00e1n\u00ed a l\u00e1m\u00e1n\u00ed<br \/>\nMandle &#8211;\u00a0<span class=\"\">zm\u011bk\u010duj\u00ed<\/span>\u00a0<span class=\"\">vlasy<\/span>\u00a0<span class=\"\">a<\/span>\u00a0<span class=\"\">pronikaj\u00ed<\/span>\u00a0hluboko do\u00a0<span class=\"\">jejich struktur<\/span class=\"\">vy\u017eivuje<\/span>\u00a0a hydratuje je zevnit\u0159<\/span><\/p>\n<p><strong>Pou\u017eit\u00ed:<\/strong> Umyjte si vlasy \u0161amponem, ide\u00e1ln\u011b Dabur Vatika Garlic a na vlhk\u00e9 vlasy naneste p\u0159im\u011b\u0159en\u00e9 mno\u017estv\u00ed masky, jemn\u011b ji vmas\u00edrujte, nechte p\u016fsobit 20-25 minut a pot\u00e9 opl\u00e1chn\u011bte teplou vodou. Pro dosa\u017een\u00ed lep\u0161\u00edch \u00fa\u010dink\u016f pou\u017eijte horkou osu\u0161ku, do kter\u00e9 si vlasy zabal\u00edte a nech\u00e1te p\u016fsobit alespo\u0148 15 minut.<\/p>\n<p><strong>Slo\u017een\u00ed: <\/strong>Voda, cetearylalkohol, myristylalkohol, centrimoniumchlorid, propylenglykol, methylisothiazolin, benzylsalicyl\u00e1t, citronellol, gamametylmonol, Germanol, germanol, Linalool, extrakt z oliv.<\/p>\n<div id=\"tw-container\" class=\"\" data-cp=\"1\" data-is-ver=\"false\" data-nnttsvi=\"1\" data-sbsl=\"ru,uk\" data-sm=\"1\" data-ssbp=\"false\" data-sugg-time=\"500\" data-sugg-url=. data-uilc=\"cs\">\n<div id=\"tw-ob\" class=\"tw-src-ltr\">\n<div class=\"oSioSc\">\n<div id=\"tw-target\">\n<div id=\"kAz1tf\" class=\"g9WsWb\">\n<div id=\"tw-target-rmn-container\" class=\"tw-target-rmn tw-ta-container F0azHf tw-nfl\">\n<pro id=\"tw-target-rmn\" class=\"tw-data-placeholder tw-text-small tw-ta\" dir=\"ltr\" data-placeholder=\"\"><\/pre>\n<\/div>\n<div class=\"iYB33c\">\n<div class=\"dlJLJe\">\n<div data-cviv=\"false\" data-ved=\"2ahUKEwiNwf-B5sD5AhULD-wKHZFTCTAQz_AEegQIAhAP\">\n<div class=\"U9URNb\"><\/div>\n<\/div>\n<\/div>\n<div id=\"tw-tmenu\" class=\"tw-menu\"><\/div>\n<\/div>\n<\/div>\n<\/div>\n<\/div>\n<\/div>\n<div id=\"tw-images\"><\/div>\n<div class=\"dURPtb\"><\/div>\n<div>\n<div><\/div>\n<\/div>\n<\/div>\n<div class=\"KFFQ0c xKf9F\"><\/div>\n","protected":false},"excerpt":{"rendered":"<p>fialov\u00e1, <span id=\"result_box\" class=\"\" lang=\"cs\" tabindex=\"-1\">slab\u00e9 a l\u00e1mav\u00e9 vlasy, zamezuje vypad\u00e1v\u00e1n\u00ed<\/span> vlas\u016f, olivy<\/p>\n","protected":false},"featured_media":13305,"comment_status":"closed","ping_status":"closed","template":"","meta":[],"product_brand":[],"product_cat":[105,72],"product_tag":[87,86],"class_list":{"0":"post-13304","1":"product","2":"type-product","3":"status-publish","4":"has-post-thumbnail","6":"product_cat-kremy-a-masky-na-vlasy","7":"product_cat-vlasy-cs","8":"product_tag-dabur","9":"product_tag-vatika","11":"first","12":"instock","13":"purchasable","14":"product-type-simple"},"_links":{"self":[{"href":"https:\/\/arabicstyle.cz\/index.php?rest_route=\/wp\/v2\/product\/13304","targetHints":{"allow":["GET"]}}],"collection":[{"href":"https:\/\/arabicstyle.cz\/index.php?rest_route=\/wp\/v2\/product"}],"about":[{"href":"https:\/\/arabicstyle.cz\/index.php?rest_route=\/wp\/v2\/types\/product"}],"replies":[{"embeddable":true,"href":"https:\/\/arabicstyle.cz\/index.php?rest_route=%2Fwp%2Fv2%2Fcomments&post=13304"}],"version-history":[{"count":1,"href":"https:\/\/arabicstyle.cz\/index.php?rest_route=\/wp\/v2\/product\/13304\/revisions"}],"predecessor-version":[{"id":30259,"href":"https:\/\/arabicstyle.cz\/index.php?rest_route=\/wp\/v2\/product\/13304\/revisions\/30259"}],"wp:featuredmedia":[{"embeddable":true,"href":"https:\/\/arabicstyle.cz\/index.php?rest_route=\/wp\/v2\/media\/13305"}],"wp:attachment":[{"href":"https:\/\/arabicstyle.cz\/index.php?rest_route=%2Fwp%2Fv2%2Fmedia&parent=13304"}],"wp:term":[{"taxonomy":"product_brand","embeddable":true,"href":"https:\/\/arabicstyle.cz\/index.php?rest_route=%2Fwp%2Fv2%2Fproduct_brand&post=13304"},{"taxonomy":"product_cat","embeddable":true,"href":"https:\/\/arabicstyle.cz\/index.php?rest_route=%2Fwp%2Fv2%2Fproduct_cat&post=13304"},{"taxonomy":"product_tag","embeddable":true,"href":"https:\/\/arabicstyle.cz\/index.php?rest_route=%2Fwp%2Fv2%2Fproduct_tag&post=13304"}],"curies":[{"name":"wp","href":"https:\/\/api.w.org\/{rel}","templated":true}]}}