{"id":13285,"date":"2026-01-29T09:32:18","date_gmt":"2026-01-29T09:32:18","guid":{"rendered":"https:\/\/arabicstyle.sk\/1698304451643\/?post_type=product&#038;p=13285"},"modified":"2026-02-02T12:17:26","modified_gmt":"2026-02-02T12:17:26","slug":"ricinovy-olej-100-ml","status":"publish","type":"product","link":"https:\/\/arabicstyle.cz\/?product=ricinovy-olej-100-ml","title":{"rendered":"Ricinov\u00fd olej 100 ml"},"content":{"rendered":"<p>Ricinov\u00fd olej je p\u0159\u00edrodn\u00ed produkt, kter\u00fd se v kosmetice pou\u017e\u00edv\u00e1 ji\u017e po stalet\u00ed.\u00a0Je zn\u00e1m sv\u00fdm komplexn\u00edm p\u016fsoben\u00edm na r\u016fzn\u00e9 ko\u017en\u00ed probl\u00e9my.\u00a0M\u016f\u017ee b\u00fdt pou\u017eit k p\u00e9\u010di o v\u0161echny typy pleti.\u00a0Ricinov\u00fd olej m\u00e1 p\u0159\u00edzniv\u00fd vliv na stav poko\u017eky hlavy a vlas\u016f.\u00a0Stimuluje vlasov\u00e9 folikuly k r\u016fstu a posiluje je a vlas\u016fm po cel\u00e9 d\u00e9lce dod\u00e1v\u00e1 lesk, vy\u017eivuje a hydratuje.<\/p>\n<p>Pou\u017e\u00edv\u00e1 se na obo\u010d\u00ed a \u0159asy, ztmavuje, posiluje a stimuluje jejich r\u016fst.\u00a0Tato aplikace se doporu\u010duje zejm\u00e9na lidem, kte\u0159\u00ed maj\u00ed slab\u00e9, \u0159\u00eddk\u00e9 vlasy a cht\u011bli by si je nechat nar\u016fst a pos\u00edlit.\u00a0Intenzivn\u011b hydratuje a tonizuje suchou poko\u017eku.\u00a0Pozitivn\u011b ovliv\u0148uje proces vylu\u010dov\u00e1n\u00ed ko\u017en\u00edho mazu, d\u00edky \u010demu\u017e je n\u00e1pomocn\u00fd p\u0159i probl\u00e9mu s nadm\u011brn\u011b mastnou poko\u017ekou.\u00a0Ricinov\u00fd olej se \u010dasto pou\u017e\u00edv\u00e1 ve sm\u011bs\u00edch OCM, kter\u00e9 se pou\u017e\u00edvaj\u00ed k odstran\u011bn\u00ed make-upu pomoc\u00ed olej\u016f.<\/p>\n<p>D\u00e1 se vt\u00edrat do l\u00e1mav\u00fdch a m\u011bkk\u00fdch neht\u016f, \u010d\u00edm\u017e se plot\u00fdnka zpev\u0148uje a vytvrzuje, nehtov\u00e1 k\u016f\u017ei\u010dka je tak\u00e9 m\u011bkk\u00e1 a vypad\u00e1 l\u00e9pe.\u00a0P\u0159\u00edpravek se doporu\u010duje pro lidi, jejich\u017e ruce jsou such\u00e9 a drsn\u00e9 \u2013 odstra\u0148uje nep\u0159\u00edjemn\u00fd pocit napnut\u00ed, sni\u017euje suchost a ruce dob\u0159e vypadaj\u00ed.<\/p>\n<p><strong>Komu se doporu\u010duje ricinov\u00fd olej?<\/strong><\/p>\n<ul>\n<li>lid\u00e9 s mastnou, nadm\u011brn\u011b mastnou poko\u017ekou<\/li>\n<li>lid\u00e9 se such\u00fdma, po\u0161kozen\u00fdma a drsn\u00fdma rukama<\/li>\n<li>lid\u00e9, kte\u0159\u00ed cht\u011bj\u00ed zregenerovat po\u0161kozen\u00e9 vlasy a dodat jim lesk<\/li>\n<li>lid\u00e9, kte\u0159\u00ed cht\u011bj\u00ed pos\u00edlit a nechat si nar\u016fst hust\u00e9 \u0159asy nebo obo\u010d\u00ed<\/li>\n<li>lid\u00e9, kte\u0159\u00ed hledaj\u00ed stimulant r\u016fstu vlas\u016f<\/li>\n<\/ul>\n<p>100% p\u0159\u00edrodn\u00ed olej, vegansk\u00fd.\u00a0Jen pro vn\u011bj\u0161\u00ed pou\u017eit\u00ed.\u00a0Vhodn\u00e9 pro p\u00e9\u010di o v\u0161echny typy poko\u017eky a vlas\u016f.<\/p>\n<p><strong>APLIKACE:<\/strong><\/p>\n<p>P\u0159ed p\u0159\u00edm\u00fdm pou\u017eit\u00edm na k\u016f\u017ei se doporu\u010duje z\u0159edit z\u00e1kladn\u00edm olejem.\u00a0Aplikujte na probl\u00e9mov\u00e9 oblasti poko\u017eky, nap\u0159\u00edklad posti\u017een\u00e9 akn\u00e9, abyste urychlili redukci skvrn.<\/p>\n<p>Ruce (nehty), lokty, kolena, paty \u2013 m\u00edrn\u011b rozeh\u0159\u00e1t\u00fd olej vmas\u00edrujte do zm\u00edn\u011bn\u00fdch m\u00edst.\u00a0Potom naneste rukavice\/pono\u017eky na naolejovanou poko\u017eku rukou\/nohy.\u00a0Nohy a ruce si m\u016f\u017eete namo\u010dit i do tepl\u00e9 olejov\u00e9 koupele.<\/p>\n<p>Obli\u010dej \/ t\u011blo &#8211; vyplat\u00ed se j\u00edm obohatit v\u00e1\u0161 obl\u00edben\u00fd ple\u0165ov\u00fd kr\u00e9m nebo t\u011blov\u00e9 ml\u00e9ko.\u00a0Doporu\u010duje se tak\u00e9 jako p\u0159\u00edsada do koupele (p\u0159idejte n\u011bkolik kapek do vody).<\/p>\n<p>Na vlasy &#8211; lze pou\u017e\u00edt na celou d\u00e9lku vlas\u016f a na poko\u017eku hlavy (vy\u017eaduje \u0161amponov\u00e1n\u00ed).\u00a0P\u0159ed aplikac\u00ed olej m\u00edrn\u011b zah\u0159ejte.\u00a0M\u016f\u017ee se tak\u00e9 p\u0159idat do masky ke zv\u00fd\u0161en\u00ed jej\u00edho \u00fa\u010dinku.<\/p>\n<p>Obo\u010d\u00ed \/ \u0159asy &#8211; olej naneste na \u010dist\u00fd mini kart\u00e1\u010dek (typ \u0159asenky) a p\u0159et\u0159ete j\u00edm \u0159asy.<\/p>\n<p>&nbsp;<\/p>\n<p><strong>SLO\u017dEN\u00cd:<\/strong><\/p>\n<p>Ricinus Communis Seed Oil (ricinov\u00fd olej).<\/p>\n","protected":false},"excerpt":{"rendered":"<p>olej<\/p>\n","protected":false},"featured_media":13286,"comment_status":"closed","ping_status":"open","template":"","meta":[],"product_brand":[],"product_cat":[73,90,81,72],"product_tag":[155],"class_list":{"0":"post-13285","1":"product","2":"type-product","3":"status-publish","4":"has-post-thumbnail","6":"product_cat-oblicej","7":"product_cat-oleje-na-vlasy-cs","8":"product_cat-oblicej-a-telo","9":"product_cat-vlasy-cs","10":"product_tag-mohani","12":"first","13":"outofstock","14":"purchasable","15":"product-type-simple"},"_links":{"self":[{"href":"https:\/\/arabicstyle.cz\/index.php?rest_route=\/wp\/v2\/product\/13285","targetHints":{"allow":["GET"]}}],"collection":[{"href":"https:\/\/arabicstyle.cz\/index.php?rest_route=\/wp\/v2\/product"}],"about":[{"href":"https:\/\/arabicstyle.cz\/index.php?rest_route=\/wp\/v2\/types\/product"}],"replies":[{"embeddable":true,"href":"https:\/\/arabicstyle.cz\/index.php?rest_route=%2Fwp%2Fv2%2Fcomments&post=13285"}],"version-history":[{"count":0,"href":"https:\/\/arabicstyle.cz\/index.php?rest_route=\/wp\/v2\/product\/13285\/revisions"}],"wp:featuredmedia":[{"embeddable":true,"href":"https:\/\/arabicstyle.cz\/index.php?rest_route=\/wp\/v2\/media\/13286"}],"wp:attachment":[{"href":"https:\/\/arabicstyle.cz\/index.php?rest_route=%2Fwp%2Fv2%2Fmedia&parent=13285"}],"wp:term":[{"taxonomy":"product_brand","embeddable":true,"href":"https:\/\/arabicstyle.cz\/index.php?rest_route=%2Fwp%2Fv2%2Fproduct_brand&post=13285"},{"taxonomy":"product_cat","embeddable":true,"href":"https:\/\/arabicstyle.cz\/index.php?rest_route=%2Fwp%2Fv2%2Fproduct_cat&post=13285"},{"taxonomy":"product_tag","embeddable":true,"href":"https:\/\/arabicstyle.cz\/index.php?rest_route=%2Fwp%2Fv2%2Fproduct_tag&post=13285"}],"curies":[{"name":"wp","href":"https:\/\/api.w.org\/{rel}","templated":true}]}}