{"id":13244,"date":"2026-01-29T09:32:18","date_gmt":"2026-01-29T09:32:18","guid":{"rendered":"https:\/\/arabicstyle.sk\/1698304451643\/?post_type=product&#038;p=13244"},"modified":"2026-04-29T06:46:07","modified_gmt":"2026-04-29T06:46:07","slug":"kolagenove-masky-na-oblicej","status":"publish","type":"product","link":"https:\/\/arabicstyle.cz\/?product=kolagenove-masky-na-oblicej","title":{"rendered":"Kolagenov\u00e9 masky na obli\u010dej"},"content":{"rendered":"<p>Nejnov\u011bj\u0161\u00ed 3D pr\u016flom od Evy v\u00e1m poskytuje hlad\u0161\u00ed, pevn\u011bj\u0161\u00ed a p\u0159irozen\u011b vypadaj\u00edc\u00ed poko\u017eku prost\u0159ednictv\u00edm troj\u00edho korek\u010dn\u00edho \u00fa\u010dinku na povrch, hloubku a objem vr\u00e1sek. P\u0159\u00edrodn\u00ed mo\u0159sk\u00fd kolagen hydratuje poko\u017eku a zvy\u0161uje jej\u00ed \u00fa\u010dinnost, zat\u00edmco p\u0159\u00edrodn\u00ed extrakt z kv\u011bt\u016f Acmella zvy\u0161uje pevnost poko\u017eky. Nano\u010d\u00e1stice pronikaj\u00ed hluboko do ko\u017en\u00edch bun\u011bk a nesou vitam\u00edny, kter\u00e9 stimuluj\u00ed p\u0159irozenou tvorbu kolagenu. Nov\u011b vytvo\u0159en\u00fd kolagen vypl\u0148uje linie vr\u00e1sek a zanech\u00e1v\u00e1 poko\u017eku mlad\u0161\u00ed. Je vhodn\u00fd pro v\u0161echny typy pleti<\/p>\n<p><strong>Slo\u017een\u00ed:<\/strong> Voda, PPG-15 stearylether, kaprylov\u00fd\/kaprinov\u00fd triglycerid, glycerylstear\u00e1t, butyrospermum parkii (bambuck\u00e9 m\u00e1slo), glycerin, cetearylalkohol, petrolatum, extrakt z kv\u011bt\u016f Spilanthes Acmella, ( tekut\u00fd parafin, Isostearylalkohol, PEG-100 stear\u00e1t, PEG-40 stear\u00e1t, rozpustn\u00fd kolagen, kyselina stearov\u00e1, cyklopentasiloxan, cholesterol, propylenglykol, v\u016fn\u011b, diazolidinylmo\u010dovina, kyselina oktadecendiov\u00e1, vitamin C sulf\u00e1t cetofaetylfosforyl-cetoparabentein, propylparaben<\/p>\n<p><strong>Pou\u017eit\u00ed:<\/strong> Nechte masku p\u016fsobit 15-30 min. Po odstran\u011bn\u00ed masky vmas\u00edrujte zbytek do pleti. Aplikovat na vy\u010di\u0161t\u011bnou ple\u0165 jednou za t\u00fdden. Obsahuje 3 masky. Znovuuzav\u00edrateln\u00fd obal.<\/p>\n<p>&nbsp;<\/p>\n","protected":false},"excerpt":{"rendered":"<p>3x maska \u200b\u200bproti st\u00e1rnut\u00ed poko\u017eky<\/p>\n","protected":false},"featured_media":19081,"comment_status":"closed","ping_status":"open","template":"","meta":[],"product_brand":[],"product_cat":[185,73,81],"product_tag":[107],"class_list":{"0":"post-13244","1":"product","2":"type-product","3":"status-publish","4":"has-post-thumbnail","6":"product_cat-eva-cosmetics-cs","7":"product_cat-oblicej","8":"product_cat-oblicej-a-telo","9":"product_tag-eva","11":"first","12":"instock","13":"sale","14":"purchasable","15":"product-type-simple"},"_links":{"self":[{"href":"https:\/\/arabicstyle.cz\/index.php?rest_route=\/wp\/v2\/product\/13244","targetHints":{"allow":["GET"]}}],"collection":[{"href":"https:\/\/arabicstyle.cz\/index.php?rest_route=\/wp\/v2\/product"}],"about":[{"href":"https:\/\/arabicstyle.cz\/index.php?rest_route=\/wp\/v2\/types\/product"}],"replies":[{"embeddable":true,"href":"https:\/\/arabicstyle.cz\/index.php?rest_route=%2Fwp%2Fv2%2Fcomments&post=13244"}],"version-history":[{"count":0,"href":"https:\/\/arabicstyle.cz\/index.php?rest_route=\/wp\/v2\/product\/13244\/revisions"}],"wp:featuredmedia":[{"embeddable":true,"href":"https:\/\/arabicstyle.cz\/index.php?rest_route=\/wp\/v2\/media\/19081"}],"wp:attachment":[{"href":"https:\/\/arabicstyle.cz\/index.php?rest_route=%2Fwp%2Fv2%2Fmedia&parent=13244"}],"wp:term":[{"taxonomy":"product_brand","embeddable":true,"href":"https:\/\/arabicstyle.cz\/index.php?rest_route=%2Fwp%2Fv2%2Fproduct_brand&post=13244"},{"taxonomy":"product_cat","embeddable":true,"href":"https:\/\/arabicstyle.cz\/index.php?rest_route=%2Fwp%2Fv2%2Fproduct_cat&post=13244"},{"taxonomy":"product_tag","embeddable":true,"href":"https:\/\/arabicstyle.cz\/index.php?rest_route=%2Fwp%2Fv2%2Fproduct_tag&post=13244"}],"curies":[{"name":"wp","href":"https:\/\/api.w.org\/{rel}","templated":true}]}}