{"id":13068,"date":"2026-01-29T09:32:04","date_gmt":"2026-01-29T09:32:04","guid":{"rendered":"https:\/\/arabicstyle.sk\/1698304451643\/?post_type=product&#038;p=13068"},"modified":"2026-04-16T08:40:43","modified_gmt":"2026-04-16T08:40:43","slug":"zubni-pasta-dabur-herbal-hrebicek-100g","status":"publish","type":"product","link":"https:\/\/arabicstyle.cz\/?product=zubni-pasta-dabur-herbal-hrebicek-100g","title":{"rendered":"Zubn\u00ed pasta Dabur Herbal h\u0159eb\u00ed\u010dek 100g"},"content":{"rendered":"<p>Ajurv\u00e9dsk\u00e1 zubn\u00ed pasta vyroben\u00e1 s extraktem h\u0159eb\u00ed\u010dku. Neobsahuje fluor a parabeny. Hlavn\u00ed ingredience je h\u0159eb\u00ed\u010dkov\u00fd extrakt se siln\u011b antispetick\u00fdmi, antibakteri\u00e1ln\u00edmi a analgetick\u00fdmi vlastnostmi. Zubn\u00ed pasta je doporu\u010dena pro ty, kte\u0159\u00ed maj\u00ed p\u0159ecitliv\u011bl\u00e9 zuby. Napom\u00e1h\u00e1 ochran\u011b d\u00e1sn\u00ed a v\u00fdborn\u011b \u0159e\u0161\u00ed potenci\u00e1ln\u00ed hrozby paradent\u00f3zy.\u00a0D\u016fkladn\u011b \u010dist\u00ed zuby, osv\u011b\u017euje dech a odstra\u0148uje skvrny od k\u00e1vy, \u010derven\u00e9ho v\u00edna, nikotinu, atp.<\/p>\n<p><span id=\"result_box\" class=\"\" lang=\"cs\" tabindex=\"-1\">Pasta n<span class=\"\">eobsahuje\u00a0<\/span>\u017eivo\u010di\u0161n\u00e9 produkty,\u00a0<span class=\"\">syntetick\u00e9<\/span>\u00a0<span class=\"\">nebo<\/span> olej a\u00a0<\/span>um\u011bl\u00e1 barviva. Neobsahuje fluorid a parabeny, tak\u017ee m\u016f\u017ee b\u00fdt <span class=\"\">pou\u017eita v<\/span>\u00a0<span class=\"\">pediatrick\u00e9<\/span> praxi. Je vhodn\u00e1 pro vegetari\u00e1ny a vegany<\/span><\/p>\n<p><strong>D\u016fle\u017eit\u00e9 bylinky<\/strong>:<br \/>\nAnacyclus Pyrethum &#8211; Bertr\u00e1m (Trahok \u0159\u00edmsk\u00fd) &#8211; v\u00fdta\u017eek z ko\u0159ene<br \/>\nAcacia Arabica &#8211; Arabsk\u00e1 Ak\u00e1cie &#8211; v\u00fdta\u017eek z k\u016fry<br \/>\nMimusops Elengi &#8211; strom Bakul &#8211; v\u00fdta\u017eek z kv\u011btin<br \/>\nSympolocos Racemosa &#8211; ke\u0159 Samodu\u0165 &#8211; v\u00fdta\u017eek z k\u016fry<br \/>\nEugenia Cumini &#8211; H\u0159eb\u00ed\u010dkov\u00fd jambolanov\u00fd &#8211; v\u00fdta\u017eek z plod\u016f<\/p>\n<p><strong>Slo\u017een\u00ed<\/strong>: Calcium carbonate (derived z chalku), Aqua (purified water), Glycerin, Sodium lauryl sulfate (derived z Palm Oil), Carrageean, Aroma (Flavour obsahuj\u00edc\u00ed r\u016fzn\u00e9 essential oils), Herbal extract arabice (stem bark) extrakt, Mimusops elengi (flower) extrakt, Symplocos racemosa (barka) extrakt, Eugenia cumini (fruit) extrakt, Sodium silicate, Sodium saccharin, Limonene<\/p>\n<p>&nbsp;<\/p>\n","protected":false},"excerpt":{"rendered":"<p>Dabur Herbal h\u0159eb\u00ed\u010dek<\/p>\n","protected":false},"featured_media":13069,"comment_status":"closed","ping_status":"closed","template":"","meta":[],"product_brand":[],"product_cat":[74],"product_tag":[87],"class_list":{"0":"post-13068","1":"product","2":"type-product","3":"status-publish","4":"has-post-thumbnail","6":"product_cat-dentalni-hygiena","7":"product_tag-dabur","9":"first","10":"instock","11":"purchasable","12":"product-type-simple"},"_links":{"self":[{"href":"https:\/\/arabicstyle.cz\/index.php?rest_route=\/wp\/v2\/product\/13068","targetHints":{"allow":["GET"]}}],"collection":[{"href":"https:\/\/arabicstyle.cz\/index.php?rest_route=\/wp\/v2\/product"}],"about":[{"href":"https:\/\/arabicstyle.cz\/index.php?rest_route=\/wp\/v2\/types\/product"}],"replies":[{"embeddable":true,"href":"https:\/\/arabicstyle.cz\/index.php?rest_route=%2Fwp%2Fv2%2Fcomments&post=13068"}],"version-history":[{"count":1,"href":"https:\/\/arabicstyle.cz\/index.php?rest_route=\/wp\/v2\/product\/13068\/revisions"}],"predecessor-version":[{"id":30269,"href":"https:\/\/arabicstyle.cz\/index.php?rest_route=\/wp\/v2\/product\/13068\/revisions\/30269"}],"wp:featuredmedia":[{"embeddable":true,"href":"https:\/\/arabicstyle.cz\/index.php?rest_route=\/wp\/v2\/media\/13069"}],"wp:attachment":[{"href":"https:\/\/arabicstyle.cz\/index.php?rest_route=%2Fwp%2Fv2%2Fmedia&parent=13068"}],"wp:term":[{"taxonomy":"product_brand","embeddable":true,"href":"https:\/\/arabicstyle.cz\/index.php?rest_route=%2Fwp%2Fv2%2Fproduct_brand&post=13068"},{"taxonomy":"product_cat","embeddable":true,"href":"https:\/\/arabicstyle.cz\/index.php?rest_route=%2Fwp%2Fv2%2Fproduct_cat&post=13068"},{"taxonomy":"product_tag","embeddable":true,"href":"https:\/\/arabicstyle.cz\/index.php?rest_route=%2Fwp%2Fv2%2Fproduct_tag&post=13068"}],"curies":[{"name":"wp","href":"https:\/\/api.w.org\/{rel}","templated":true}]}}