{"id":12995,"date":"2026-01-29T09:31:59","date_gmt":"2026-01-29T09:31:59","guid":{"rendered":"https:\/\/arabicstyle.sk\/1698304451643\/?post_type=product&#038;p=12995"},"modified":"2026-04-12T08:07:14","modified_gmt":"2026-04-12T08:07:14","slug":"caj-cerny-sypany-el-arosa-250g","status":"publish","type":"product","link":"https:\/\/arabicstyle.cz\/?product=caj-cerny-sypany-el-arosa-250g","title":{"rendered":"\u010caj \u010cern\u00fd sypan\u00fd El Arosa 250g"},"content":{"rendered":"<p>Egypt El Arosa ke\u0148sk\u00fd \u010dern\u00fd sypan\u00fd \u010daj &#8211; p\u0159\u00edrodn\u00ed denn\u00ed \u0161\u00e1lek \u010derstv\u00e9ho \u010daje.<\/p>\n<ul>\n<li>vakuov\u00e9 balen\u00ed<\/li>\n<li>ochrana produktu p\u0159ed vn\u011bj\u0161\u00edm prost\u0159ed\u00edm<\/li>\n<li>zaji\u0161\u0165uje, aby si v\u00fdrobek zachoval sv\u00e9 p\u016fvodn\u00ed vlastnosti.<\/li>\n<\/ul>\n<p>Vychutnejte si aromatick\u00fd sypan\u00fd \u010daj s na\u0161imi typick\u00fdmi sm\u011bsmi, ru\u010dn\u011b vyr\u00e1b\u011bn\u00fdmi a jednovrstv\u00fdmi listov\u00fdmi \u010daji.\u00a0Selektivn\u00ed odr\u016fda organick\u00e9ho a ru\u010dn\u011b sb\u00edran\u00e9ho sypan\u00e9ho \u010daje nab\u00edz\u00ed vynikaj\u00edc\u00ed zdravotn\u00ed benefity a pr\u00e9miov\u00e9 p\u0159\u00edchut\u011b. V\u00e1\u0161 rann\u00ed \u0161\u00e1lek \u010daje ur\u010d\u00ed, jak\u00fd bude zbytek va\u0161eho dne, tak\u017ee si mus\u00edte dob\u0159e vybrat!<\/p>\n<p>S \u010dajem Al Arosa si vychutn\u00e1te ten nejlep\u0161\u00ed \u0161\u00e1lek \u010daje s dokonalou chut\u00ed a barvou.<\/p>\n<p>Dostupn\u00e9 ve 2 velikostech.<\/p>\n<p>Vyberte si sv\u016fj v\u00fdb\u011br na z\u00e1klad\u011b va\u0161ich pot\u0159eb.<\/p>\n<p><strong>P\u016fvod:<\/strong> Ke\u0148a.<\/p>\n<p><strong>Baleno v:<\/strong> Egypt\u011b.<\/p>\n","protected":false},"excerpt":{"rendered":"<p>Egypt El Arosa ke\u0148sk\u00fd \u010dern\u00fd sypan\u00fd \u010daj &#8211; p\u0159\u00edrodn\u00ed denn\u00ed \u0161\u00e1lek \u010derstv\u00e9ho \u010daje. vakuov\u00e9 balen\u00ed ochrana produktu p\u0159ed vn\u011bj\u0161\u00edm prost\u0159ed\u00edm<\/p>\n","protected":false},"featured_media":12996,"comment_status":"closed","ping_status":"closed","template":"","meta":[],"product_brand":[],"product_cat":[75,183],"product_tag":[],"class_list":{"0":"post-12995","1":"product","2":"type-product","3":"status-publish","4":"has-post-thumbnail","6":"product_cat-potraviny-cs","7":"product_cat-vyhodne-balicky-cs","9":"first","10":"instock","11":"purchasable","12":"product-type-simple"},"_links":{"self":[{"href":"https:\/\/arabicstyle.cz\/index.php?rest_route=\/wp\/v2\/product\/12995","targetHints":{"allow":["GET"]}}],"collection":[{"href":"https:\/\/arabicstyle.cz\/index.php?rest_route=\/wp\/v2\/product"}],"about":[{"href":"https:\/\/arabicstyle.cz\/index.php?rest_route=\/wp\/v2\/types\/product"}],"replies":[{"embeddable":true,"href":"https:\/\/arabicstyle.cz\/index.php?rest_route=%2Fwp%2Fv2%2Fcomments&post=12995"}],"version-history":[{"count":1,"href":"https:\/\/arabicstyle.cz\/index.php?rest_route=\/wp\/v2\/product\/12995\/revisions"}],"predecessor-version":[{"id":30862,"href":"https:\/\/arabicstyle.cz\/index.php?rest_route=\/wp\/v2\/product\/12995\/revisions\/30862"}],"wp:featuredmedia":[{"embeddable":true,"href":"https:\/\/arabicstyle.cz\/index.php?rest_route=\/wp\/v2\/media\/12996"}],"wp:attachment":[{"href":"https:\/\/arabicstyle.cz\/index.php?rest_route=%2Fwp%2Fv2%2Fmedia&parent=12995"}],"wp:term":[{"taxonomy":"product_brand","embeddable":true,"href":"https:\/\/arabicstyle.cz\/index.php?rest_route=%2Fwp%2Fv2%2Fproduct_brand&post=12995"},{"taxonomy":"product_cat","embeddable":true,"href":"https:\/\/arabicstyle.cz\/index.php?rest_route=%2Fwp%2Fv2%2Fproduct_cat&post=12995"},{"taxonomy":"product_tag","embeddable":true,"href":"https:\/\/arabicstyle.cz\/index.php?rest_route=%2Fwp%2Fv2%2Fproduct_tag&post=12995"}],"curies":[{"name":"wp","href":"https:\/\/api.w.org\/{rel}","templated":true}]}}