{"id":12986,"date":"2026-01-29T09:31:59","date_gmt":"2026-01-29T09:31:59","guid":{"rendered":"https:\/\/arabicstyle.sk\/1698304451643\/?post_type=product&#038;p=12986"},"modified":"2026-02-02T12:17:18","modified_gmt":"2026-02-02T12:17:18","slug":"vyhodny-set-sampon-a-maska-na-vlasy-med-a-vajicko","status":"publish","type":"product","link":"https:\/\/arabicstyle.cz\/?product=vyhodny-set-sampon-a-maska-na-vlasy-med-a-vajicko","title":{"rendered":"V\u00fdhodn\u00fd set \u0161ampon a maska \u200b\u200bna vlasy med a vaj\u00ed\u010dko"},"content":{"rendered":"<p><strong>Kompletn\u00ed p\u00e9\u010de o Va\u0161e vlasy<\/strong><br \/>\nA\u017e 70% va\u0161ich vlas\u016f se skl\u00e1d\u00e1 z vl\u00e1knit\u00e9ho proteinu keratin. V\u017edy kdy\u017e se po\u0161kod\u00ed, tato l\u00e1tka m\u016f\u017ee b\u00fdt opravena vaj\u00ed\u010dkov\u00fdm proteinem, kter\u00fd vypln\u00ed oslaben\u00e1 m\u00edsta pod\u00e9l vlasov\u00fdch vl\u00e1ken a obnovuje s\u00edlu a pru\u017enost. Med se pou\u017e\u00edv\u00e1 jako p\u0159\u00edrodn\u00ed zvlh\u010dovadlo a zm\u011bk\u010dovadlo, d\u00edky tomu, \u017ee m\u00e1 schopnost p\u0159itahovat a udr\u017eovat molekuly vody. Mimo jin\u00e9 m\u00e1 l\u00e9\u010div\u00e9 vlastnosti a proto\u017ee vypln\u00ed v\u0161echny dutiny ve struktu\u0159e vlasu, d\u00e1v\u00e1 jim kr\u00e1sn\u00fd a zdrav\u00fd vzhled. Doporu\u010duje se pro vlasy slab\u00e9, po\u0161kozen\u00e9 a n\u00e1chyln\u00e9 ke \u0161t\u011bpen\u00ed konc\u016f. B\u00edlkoviny obsa\u017een\u00e9 ve vaj\u00ed\u010dk\u00e1ch posiluj\u00ed, vy\u017eivuj\u00ed a p\u0159id\u00e1vaj\u00ed vlas\u016fm lesk.<br \/>\n<strong>D\u016fle\u017eit\u00e9 prvky<\/strong>:<br \/>\nHoney \u2013 Med \u2013 v\u00fdta\u017eek<br \/>\nEgg \u2013 Vej\u010dko \u2013 v\u00fdt\u011bzek<br \/>\n<a href=\"https:\/\/arabicstyle.cz\/produkt\/dabur-vatika-sampon-190-ml-10-zdarma-6\/\">v\u00edce informac\u00ed o produktu naleznete zde<\/a><\/p>\n<p><strong>Vatika 2 v 1 maska \u200b\u200ba kondicion\u00e9r 250 g<\/strong><\/p>\n<p>Vlasov\u00e1 maska \u200b\u200bs vaje\u010dn\u00fdmi b\u00edlkovinami je speci\u00e1ln\u011b navr\u017eena pro slab\u00e9, po\u0161kozen\u00e9 vlasy, kter\u00e9 maj\u00ed rozt\u0159epen\u00e9 kone\u010dky. Bl\u00e9koviny blahod\u00e1rn\u011b p\u016fsob\u00ed na pos\u00edlen\u00ed vlasov\u00fdch ko\u0159\u00ednk\u016f a urychluj\u00ed jej\u00ed regeneraci a med zlep\u0161uje vzhled a stav vlas\u016f. P\u0159i pravideln\u00e9m pou\u017e\u00edv\u00e1n\u00ed alespo\u0148 2-3x t\u00fddn\u011b budou Va\u0161e vlasy kr\u00e1sn\u011bj\u0161\u00ed, lesklej\u0161\u00ed a vit\u00e1ln\u011bj\u0161\u00ed.<br \/>\n<strong>Pou\u017eit\u00ed<\/strong>: Na vlasy umyt\u00e9 Vatika Vaje\u010dn\u00fdm \u0161amponem naneste vhodn\u00e9 mno\u017estv\u00ed masky, jemn\u011b ji vmas\u00edrujte a vlasy zabalen\u00e9 v tepl\u00e9m ru\u010dn\u00edku nebo osu\u0161ce nechte p\u016fsobit alespo\u0148 20 minut. N\u00e1sledn\u011b vlasy opl\u00e1chn\u011bte vla\u017enou vodou.<br \/>\n<a href=\"https:\/\/arabicstyle.cz\/produkt\/vatika-2-v-1-maska-a-kondicioner-250-g\/\">v\u00edce informac\u00ed o produktu naleznete zde<\/a><\/p>\n","protected":false},"excerpt":{"rendered":"<p>Kompletn\u00ed p\u00e9\u010de o Va\u0161e vlasy A\u017e 70% va\u0161ich vlas\u016f se skl\u00e1d\u00e1 z vl\u00e1knit\u00e9ho proteinu keratin. V\u017edy kdy\u017e se po\u0161kod\u00ed, tato<\/p>\n","protected":false},"featured_media":12987,"comment_status":"closed","ping_status":"open","template":"","meta":[],"product_brand":[],"product_cat":[105,89,72,183],"product_tag":[87,86],"class_list":{"0":"post-12986","1":"product","2":"type-product","3":"status-publish","4":"has-post-thumbnail","6":"product_cat-kremy-a-masky-na-vlasy","7":"product_cat-sampony-cs","8":"product_cat-vlasy-cs","9":"product_cat-vyhodne-balicky-cs","10":"product_tag-dabur","11":"product_tag-vatika","13":"first","14":"outofstock","15":"purchasable","16":"product-type-simple"},"_links":{"self":[{"href":"https:\/\/arabicstyle.cz\/index.php?rest_route=\/wp\/v2\/product\/12986","targetHints":{"allow":["GET"]}}],"collection":[{"href":"https:\/\/arabicstyle.cz\/index.php?rest_route=\/wp\/v2\/product"}],"about":[{"href":"https:\/\/arabicstyle.cz\/index.php?rest_route=\/wp\/v2\/types\/product"}],"replies":[{"embeddable":true,"href":"https:\/\/arabicstyle.cz\/index.php?rest_route=%2Fwp%2Fv2%2Fcomments&post=12986"}],"version-history":[{"count":0,"href":"https:\/\/arabicstyle.cz\/index.php?rest_route=\/wp\/v2\/product\/12986\/revisions"}],"wp:featuredmedia":[{"embeddable":true,"href":"https:\/\/arabicstyle.cz\/index.php?rest_route=\/wp\/v2\/media\/12987"}],"wp:attachment":[{"href":"https:\/\/arabicstyle.cz\/index.php?rest_route=%2Fwp%2Fv2%2Fmedia&parent=12986"}],"wp:term":[{"taxonomy":"product_brand","embeddable":true,"href":"https:\/\/arabicstyle.cz\/index.php?rest_route=%2Fwp%2Fv2%2Fproduct_brand&post=12986"},{"taxonomy":"product_cat","embeddable":true,"href":"https:\/\/arabicstyle.cz\/index.php?rest_route=%2Fwp%2Fv2%2Fproduct_cat&post=12986"},{"taxonomy":"product_tag","embeddable":true,"href":"https:\/\/arabicstyle.cz\/index.php?rest_route=%2Fwp%2Fv2%2Fproduct_tag&post=12986"}],"curies":[{"name":"wp","href":"https:\/\/api.w.org\/{rel}","templated":true}]}}