{"id":12879,"date":"2026-01-29T09:31:51","date_gmt":"2026-01-29T09:31:51","guid":{"rendered":"https:\/\/arabicstyle.sk\/1698304451643\/?post_type=product&#038;p=12879"},"modified":"2026-04-17T09:58:02","modified_gmt":"2026-04-17T09:58:02","slug":"amla-jasmine-vlasovy-olej-200ml-dabur","status":"publish","type":"product","link":"https:\/\/arabicstyle.cz\/?product=amla-jasmine-vlasovy-olej-200ml-dabur","title":{"rendered":"Amla Jasmine vlasov\u00fd olej 200ml | Dabur"},"content":{"rendered":"<p>Jasm\u00ednov\u00fd olej je zn\u00e1m\u00fd pro posiluj\u00edc\u00ed \u00fa\u010dinek ji\u017e barven\u00fdch vlas\u016f a pou\u017e\u00edv\u00e1 se tradi\u010dn\u011b na podporu r\u016fstu a zv\u00fdrazn\u011bn\u00ed p\u0159irozen\u00e9 barvy Va\u0161ich vlas\u016f a spolu s Amalaki olejem tvo\u0159\u00ed p\u0159irozen\u00fd kondicion\u00e9r, kter\u00fd dod\u00e1v\u00e1 lesk, odstra\u0148uje lupy a chr\u00e1n\u00ed p\u0159ed infekc\u00ed vlasov\u00e9 poko\u017eky, br\u00e1n\u00ed vzniku \u0161ediv\u00fdm vlas\u016fm a bojuje proti jejich vyp\u00edn\u00e1n\u00ed. Vlasov\u00fd olej Dabur Jasmine je vyroben podle origin\u00e1ln\u00ed indick\u00e9 receptury, kter\u00fd je p\u0159edur\u010den pro blond vlasy &#8211; od sv\u011btle blond a\u017e po tmav\u00e9 blond vlasy. P\u0159i pravideln\u00e9m pou\u017e\u00edv\u00e1n\u00ed dod\u00e1 Va\u0161im vlas\u016fm zdrav\u00fd vzhled, v\u00fdrazn\u011b vy\u017eivuje a \u010din\u00ed vlasy jemn\u011bj\u0161\u00ed, m\u011bk\u010d\u00ed, hlad\u0161\u00ed a co v\u00edc, maj\u00ed jedine\u010dnou v\u016fni jasm\u00ednov\u00fdch kv\u011bt\u016f.<\/p>\n<p><strong>Pou\u017eit\u00ed:<\/strong> Obvykle se pou\u017e\u00edv\u00e1 t\u0159ikr\u00e1t b\u011bhem t\u00fddne vmas\u00edrov\u00e1n\u00edm p\u0159im\u011b\u0159en\u00e9ho mno\u017estv\u00ed oleje do poko\u017eky vlas\u016f, kter\u00fd se m\u016f\u017ee nechat p\u016fsobit po celou noc.\u00a0 N\u00e1sledn\u011b vlasy omyjte \u0161amponem ze s\u00e9rie Dabur Vatika.<\/p>\n<p><strong>Slo\u017een\u00ed: <\/strong>Miner\u00e1ln\u00ed olej (Paraffinum Liquidum), kanolov\u00fd olej, olej z palmy olejn\u00e9, Amalaki (Amla) extrakt, Parf\u00e9m,Cyklosiloxanpropylen, Cyclilopenpropylen, Phyllanthus, benzylalkohol trimetikon, butylmetox tokoferylacet\u00e1t, BHT, D&amp; 11 (CI 47000), D&amp;C zelen\u00e1 Nr. 6 (CI 61565).<\/p>\n<p>&nbsp;<\/p>\n","protected":false},"excerpt":{"rendered":"<p>Dabur Amla Jasmine &#8211; vlasov\u00fd olej<\/p>\n","protected":false},"featured_media":13717,"comment_status":"closed","ping_status":"closed","template":"","meta":[],"product_brand":[],"product_cat":[90,72],"product_tag":[97,87],"class_list":{"0":"post-12879","1":"product","2":"type-product","3":"status-publish","4":"has-post-thumbnail","6":"product_cat-oleje-na-vlasy-cs","7":"product_cat-vlasy-cs","8":"product_tag-amla","9":"product_tag-dabur","11":"first","12":"instock","13":"purchasable","14":"product-type-simple"},"_links":{"self":[{"href":"https:\/\/arabicstyle.cz\/index.php?rest_route=\/wp\/v2\/product\/12879","targetHints":{"allow":["GET"]}}],"collection":[{"href":"https:\/\/arabicstyle.cz\/index.php?rest_route=\/wp\/v2\/product"}],"about":[{"href":"https:\/\/arabicstyle.cz\/index.php?rest_route=\/wp\/v2\/types\/product"}],"replies":[{"embeddable":true,"href":"https:\/\/arabicstyle.cz\/index.php?rest_route=%2Fwp%2Fv2%2Fcomments&post=12879"}],"version-history":[{"count":1,"href":"https:\/\/arabicstyle.cz\/index.php?rest_route=\/wp\/v2\/product\/12879\/revisions"}],"predecessor-version":[{"id":30264,"href":"https:\/\/arabicstyle.cz\/index.php?rest_route=\/wp\/v2\/product\/12879\/revisions\/30264"}],"wp:featuredmedia":[{"embeddable":true,"href":"https:\/\/arabicstyle.cz\/index.php?rest_route=\/wp\/v2\/media\/13717"}],"wp:attachment":[{"href":"https:\/\/arabicstyle.cz\/index.php?rest_route=%2Fwp%2Fv2%2Fmedia&parent=12879"}],"wp:term":[{"taxonomy":"product_brand","embeddable":true,"href":"https:\/\/arabicstyle.cz\/index.php?rest_route=%2Fwp%2Fv2%2Fproduct_brand&post=12879"},{"taxonomy":"product_cat","embeddable":true,"href":"https:\/\/arabicstyle.cz\/index.php?rest_route=%2Fwp%2Fv2%2Fproduct_cat&post=12879"},{"taxonomy":"product_tag","embeddable":true,"href":"https:\/\/arabicstyle.cz\/index.php?rest_route=%2Fwp%2Fv2%2Fproduct_tag&post=12879"}],"curies":[{"name":"wp","href":"https:\/\/api.w.org\/{rel}","templated":true}]}}