{"id":12842,"date":"2026-01-29T09:31:47","date_gmt":"2026-01-29T09:31:47","guid":{"rendered":"https:\/\/arabicstyle.sk\/1698304451643\/?post_type=product&#038;p=12842"},"modified":"2026-04-12T09:47:33","modified_gmt":"2026-04-12T09:47:33","slug":"dabur-vatika-sampon-cesnek","status":"publish","type":"product","link":"https:\/\/arabicstyle.cz\/?product=dabur-vatika-sampon-cesnek","title":{"rendered":"Dabur Vatika \u0161ampon \u010desnek"},"content":{"rendered":"<p><strong><span class=\"\" lang=\"cs\" tabindex=\"-1\">VYNIKAJ\u00cdC\u00cd \u0158E\u0160EN\u00cd PRO SLAB\u00c9 A L\u00c1MAV\u00c9 VLASY<\/span><\/strong><\/p>\n<p><span id=\"result_box\" class=\"\" lang=\"cs\" tabindex=\"-1\">\u0160ampon se \u0161pan\u011blsk\u00fdm\u00a0<span class=\"\">\u010desnekem<\/span>\u00a0pro ka\u017edodenn\u00ed p\u00e9\u010di\u00a0<span class=\"\">o<\/span>\u00a0slab\u00e9, l\u00e1mav\u00e9 vlasy, kter\u00fd zamezuje jejich vyp\u00edn\u00e1n\u00ed.\u00a0<span class=\"\">\u010cesnek<\/span>\u00a0je p\u0159\u00edrodn\u00edm zdrojem antioxidant\u016f, vitam\u00edn\u016f a<span class=\"\">miner\u00e1l\u016f<\/span>. Posiluje\u00a0<span class=\"\">vlasov\u00e9<\/span>\u00a0folikuly, \u010d\u00edm\u017e se sni\u017euje nadm\u011brn\u00e9\u00a0<span class=\"\">vypad\u00e1v\u00e1n\u00ed<\/span>\u00a0vlas\u016f a stimuluje\u00a0<span class=\"\">jejich r\u016fst<\/span>.\u00a0<span class=\"\">Pravideln\u00e9<\/span>\u00a0po<span class=\"\">u\u017e\u00edv\u00e1n\u00ed<\/span>\u00a0 Vatika \u010desnekov\u00e9ho \u0161amponu\u00a0<span class=\"\">d\u011bl\u00e1\u00a0<\/span>vlasy siln\u011bj\u0161\u00ed,\u00a0<span class=\"\">pru\u017en\u011bj\u0161\u00ed a dod\u00e1v\u00e1 jim p\u0159irozen\u00fd<\/span>\u00a0\u010cesnek obsahuje velk\u00e9 mno\u017estv\u00ed v\u00fd\u017eivn\u00e9ho alicinu, slou\u010deninu s\u00edry, kter\u00e1 je extr\u00e9mn\u011b prosp\u011b\u0161n\u00e1 pro vlasy. Plus zdroj vitam\u00edn\u016f E a C, kter\u00e9 jsou nezbytn\u00e9 pro strukturu a pevnost. \u0160ampon pom\u00e1h\u00e1 zes\u00edlit vlasovou tk\u00e1\u0148, zabra\u0148uje prask\u00e1n\u00ed a l\u00e1m\u00e1n\u00ed, zaji\u0161\u0165uje pru\u017enost proti ztr\u00e1t\u011b. M<span class=\"\">a velmi<\/span>\u00a0<span class=\"\">p\u0159\u00edjemnou<\/span>,\u00a0<span class=\"\">sv\u011b\u017e\u00ed<\/span>\u00a0<span class=\"\">v\u016fni<\/span>,\u00a0<span class=\"\">nezanech\u00e1v\u00e1<\/span>las>s<span class=\"\">v\u016fni<\/span>\u00a0<span class=\"\">\u010desneku<\/span><span class=\"\">.<br \/>\n<\/span><\/span><\/p>\n<p><span class=\"\" lang=\"cs\" tabindex=\"-1\"><span class=\"\"><strong>D\u016fle\u017eit\u00e9 bylinky:<\/strong><br \/>\n<\/span><\/span>Allium sativum &#8211; \u010cesnek kuchy\u0148sk\u00fd &#8211; v\u00fdta\u017eek z plod\u016f<br \/>\nLawsonia inermis &#8211; J\u00edzn\u00edk b\u00edl\u00fd &#8211; v\u00fdta\u017eek z list\u016f<\/p>\n<p><strong>Slo\u017een\u00ed:<\/strong> Voda, Lauerthsulf\u00e1t sodn\u00fd, Kokamidopropylbetain, Kokamid MEA, Dimetikonolov\u00e1 emulze, Glykol Distear\u00e1t, Parf\u00e9m, Chlorid sodn\u00fd, PCA sodn\u00fd , Kopolymer ethylen\/okten (a) kopolymer Hydroxypropyltrimoniumchlorid ED, Dist. , chlorid ho\u0159e\u010dnat\u00fd, dusi\u010dnan ho\u0159e\u010dnat\u00fd, methylchloroisothiazolinone, methylizotiazolinon, extrakt z \u010desneku Allium sativum, extrakt z list\u016f Lawsonia inermis (henna), PEG-90M, pantenol, tokoferylacet\u00e1t, benzylsali.<\/p>\n","protected":false},"excerpt":{"rendered":"<p>\u010desnek \u2013 pro slab\u00e9 a l\u00e1mav\u00e9 vlasy, proti vypad\u00e1v\u00e1n\u00ed<\/p>\n","protected":false},"featured_media":13719,"comment_status":"closed","ping_status":"closed","template":"","meta":[],"product_brand":[],"product_cat":[89,72],"product_tag":[87,86],"class_list":{"0":"post-12842","1":"product","2":"type-product","3":"status-publish","4":"has-post-thumbnail","6":"product_cat-sampony-cs","7":"product_cat-vlasy-cs","8":"product_tag-dabur","9":"product_tag-vatika","11":"first","12":"instock","13":"purchasable","14":"product-type-simple"},"_links":{"self":[{"href":"https:\/\/arabicstyle.cz\/index.php?rest_route=\/wp\/v2\/product\/12842","targetHints":{"allow":["GET"]}}],"collection":[{"href":"https:\/\/arabicstyle.cz\/index.php?rest_route=\/wp\/v2\/product"}],"about":[{"href":"https:\/\/arabicstyle.cz\/index.php?rest_route=\/wp\/v2\/types\/product"}],"replies":[{"embeddable":true,"href":"https:\/\/arabicstyle.cz\/index.php?rest_route=%2Fwp%2Fv2%2Fcomments&post=12842"}],"version-history":[{"count":1,"href":"https:\/\/arabicstyle.cz\/index.php?rest_route=\/wp\/v2\/product\/12842\/revisions"}],"predecessor-version":[{"id":30274,"href":"https:\/\/arabicstyle.cz\/index.php?rest_route=\/wp\/v2\/product\/12842\/revisions\/30274"}],"wp:featuredmedia":[{"embeddable":true,"href":"https:\/\/arabicstyle.cz\/index.php?rest_route=\/wp\/v2\/media\/13719"}],"wp:attachment":[{"href":"https:\/\/arabicstyle.cz\/index.php?rest_route=%2Fwp%2Fv2%2Fmedia&parent=12842"}],"wp:term":[{"taxonomy":"product_brand","embeddable":true,"href":"https:\/\/arabicstyle.cz\/index.php?rest_route=%2Fwp%2Fv2%2Fproduct_brand&post=12842"},{"taxonomy":"product_cat","embeddable":true,"href":"https:\/\/arabicstyle.cz\/index.php?rest_route=%2Fwp%2Fv2%2Fproduct_cat&post=12842"},{"taxonomy":"product_tag","embeddable":true,"href":"https:\/\/arabicstyle.cz\/index.php?rest_route=%2Fwp%2Fv2%2Fproduct_tag&post=12842"}],"curies":[{"name":"wp","href":"https:\/\/api.w.org\/{rel}","templated":true}]}}