{"id":10521,"date":"2026-01-29T09:31:42","date_gmt":"2026-01-29T09:31:42","guid":{"rendered":"https:\/\/arabicstyle.sk\/1698304451643\/?post_type=product&#038;p=10521"},"modified":"2026-05-01T18:36:17","modified_gmt":"2026-05-01T18:36:17","slug":"eva-keratin-kondicioner-s-dvojitym-ucinkem","status":"publish","type":"product","link":"https:\/\/arabicstyle.cz\/?product=eva-keratin-kondicioner-s-dvojitym-ucinkem","title":{"rendered":"Eva Keratin kondicion\u00e9r s dvojit\u00fdm \u00fa\u010dinkem"},"content":{"rendered":"<div id=\"aplus_feature_div\" class=\"celwidget\" data-feature-name=\"aplus\" data-csa-c-type=\"widget\" data-csa-c-content-id=\"aplus\" data-csa-c-slot-id=\"aplus_feature_div\" data-csa-c-c-type=\"\" data-csa-c-is-in-initial-active-row=\"false\" data-csa-c-id=\"phd9s2-cl99p9-2th6o8-koq7kt\" data-cel-widget=\"aplus_feature_div\">\n<div id=\"aplus\" class=\"a-section a-spacing-large bucket\">\n<div class=\"aplus-v2 desktop celwidget\" data-csa-c-id=\"403jbz-53w0bx-8ye425-leas3f\" data-cel-widget=\"aplus\">\n<div class=\"celwidget modul 3p modulu aplus standard\" data-csa-c-id=\"njbnnw-8zslf7-dg7ma1-dz2sli\" data-cel-widget=\"aplus-3p-module-b\">\n<div class=\"aplus-module-wrapper aplus-3p-fixed-width\">\n<ul class=\"a-unordered-list a-vertical\">\n<li>Keratinov\u00fd kondicion\u00e9r s unik\u00e1tn\u00edm slo\u017een\u00edm Eva se zam\u011b\u0159uje na po\u0161kozen\u00e9 vlasy a obnovuje jejich vitalitu.<\/li>\n<li>Hluboce pronik\u00e1 do vlasov\u00fdch vl\u00e1ken a dod\u00e1v\u00e1 jim z\u00e1kladn\u00ed vitam\u00edny a b\u00edlkoviny, kter\u00e9 ztr\u00e1cej\u00ed b\u011bhem dne.<\/li>\n<li>Dod\u00e1v\u00e1 vlas\u016fm super lesk a hebkost a sni\u017euje jejich vypad\u00e1v\u00e1n\u00ed.<\/li>\n<\/ul>\n<p class=\"a-spacing-base\"><strong><span class=\"a-text-bold\">N\u00c1VOD K POU\u017dIT\u00cd:<\/span><\/strong><\/p>\n<ul class=\"a-unordered-list a-vertical\">\n<li><span class=\"a-list-item\">Vytla\u010dte mal\u00e9 mno\u017estv\u00ed do dlan\u011b.<\/span><\/li>\n<li><span class=\"a-list-item\">Naneste rovnom\u011brn\u011b p\u0159es prameny vlas\u016f na vlhk\u00e9 vlasy, vmas\u00edrujte.<\/span><\/li>\n<li><span class=\"a-list-item\">Opl\u00e1chn\u011bte.<\/span><\/li>\n<\/ul>\n<p>&nbsp;<\/p>\n<\/div>\n<\/div>\n<\/div>\n<\/div>\n<\/div>\n<div id=\"productDetailsWithModules_feature_div\" class=\"celwidget\" data-feature-name=\"productDetailsWithModules\" data-csa-c-type=\"widget\" data-csa-c-content-id=\"productDetailsWithModules\" data-csa-c-slot-id=\"productDetailsWithModules_feature_div\" data-csa-c-asin=\"\" data-csa-c-is-in-initial-active-row=\"false\" data-csa-c-id=\"m696n-50av23-umughq-ul3ufw data-cel-widget=\"><\/div>\n","protected":false},"excerpt":{"rendered":"<p>Keratinov\u00fd kondicion\u00e9r s unik\u00e1tn\u00edm slo\u017een\u00edm Eva se zam\u011b\u0159uje na po\u0161kozen\u00e9 vlasy a obnovuje jejich vitalitu. Hluboce pronik\u00e1 do vlasov\u00fdch vl\u00e1ken<\/p>\n","protected":false},"featured_media":30994,"comment_status":"closed","ping_status":"closed","template":"","meta":[],"product_brand":[],"product_cat":[185,105,72],"product_tag":[],"class_list":{"0":"post-10521","1":"product","2":"type-product","3":"status-publish","4":"has-post-thumbnail","6":"product_cat-eva-cosmetics-cs","7":"product_cat-kremy-a-masky-na-vlasy","8":"product_cat-vlasy-cs","10":"first","11":"instock","12":"purchasable","13":"product-type-simple"},"_links":{"self":[{"href":"https:\/\/arabicstyle.cz\/index.php?rest_route=\/wp\/v2\/product\/10521","targetHints":{"allow":["GET"]}}],"collection":[{"href":"https:\/\/arabicstyle.cz\/index.php?rest_route=\/wp\/v2\/product"}],"about":[{"href":"https:\/\/arabicstyle.cz\/index.php?rest_route=\/wp\/v2\/types\/product"}],"replies":[{"embeddable":true,"href":"https:\/\/arabicstyle.cz\/index.php?rest_route=%2Fwp%2Fv2%2Fcomments&post=10521"}],"version-history":[{"count":1,"href":"https:\/\/arabicstyle.cz\/index.php?rest_route=\/wp\/v2\/product\/10521\/revisions"}],"predecessor-version":[{"id":30995,"href":"https:\/\/arabicstyle.cz\/index.php?rest_route=\/wp\/v2\/product\/10521\/revisions\/30995"}],"wp:featuredmedia":[{"embeddable":true,"href":"https:\/\/arabicstyle.cz\/index.php?rest_route=\/wp\/v2\/media\/30994"}],"wp:attachment":[{"href":"https:\/\/arabicstyle.cz\/index.php?rest_route=%2Fwp%2Fv2%2Fmedia&parent=10521"}],"wp:term":[{"taxonomy":"product_brand","embeddable":true,"href":"https:\/\/arabicstyle.cz\/index.php?rest_route=%2Fwp%2Fv2%2Fproduct_brand&post=10521"},{"taxonomy":"product_cat","embeddable":true,"href":"https:\/\/arabicstyle.cz\/index.php?rest_route=%2Fwp%2Fv2%2Fproduct_cat&post=10521"},{"taxonomy":"product_tag","embeddable":true,"href":"https:\/\/arabicstyle.cz\/index.php?rest_route=%2Fwp%2Fv2%2Fproduct_tag&post=10521"}],"curies":[{"name":"wp","href":"https:\/\/api.w.org\/{rel}","templated":true}]}}